{"id":1206,"date":"2024-12-18T09:12:45","date_gmt":"2024-12-18T06:12:45","guid":{"rendered":"https:\/\/demo.sandyapiinsaat.com.tr\/?page_id=1206"},"modified":"2024-12-18T15:08:12","modified_gmt":"2024-12-18T12:08:12","slug":"fabrika-ve-bina-temel-kazilari","status":"publish","type":"page","link":"https:\/\/sandyapiinsaat.com.tr\/ar\/fabrika-ve-bina-temel-kazilari","title":{"rendered":"\u062d\u0641\u0631\u064a\u0627\u062a \u0623\u0633\u0627\u0633\u0627\u062a \u0627\u0644\u0645\u0635\u0627\u0646\u0639 \u0648\u0627\u0644\u0645\u0628\u0627\u0646\u064a"},"content":{"rendered":"<div data-elementor-type=\"wp-page\" data-elementor-id=\"1206\" class=\"elementor elementor-1206\" data-elementor-post-type=\"page\">\n\t\t\t\t<div class=\"elementor-element elementor-element-6205d595 e-flex e-con-boxed e-con e-parent\" data-id=\"6205d595\" data-element_type=\"container\">\n\t\t\t\t\t<div class=\"e-con-inner\">\n\t\t<div class=\"elementor-element elementor-element-24822da1 e-con-full e-flex e-con e-child\" data-id=\"24822da1\" data-element_type=\"container\" data-settings=\"{&quot;background_background&quot;:&quot;classic&quot;}\">\n\t\t<div class=\"elementor-element elementor-element-fc6418b e-con-full e-flex e-con e-child\" data-id=\"fc6418b\" data-element_type=\"container\" data-settings=\"{&quot;background_background&quot;:&quot;classic&quot;}\">\n\t\t\t\t<div class=\"elementor-element elementor-element-ee2af3a elementor-widget elementor-widget-heading\" data-id=\"ee2af3a\" data-element_type=\"widget\" data-widget_type=\"heading.default\">\n\t\t\t\t<div class=\"elementor-widget-container\">\n\t\t\t\t\t<h2 class=\"elementor-heading-title elementor-size-default\">\u062e\u062f\u0645\u0627\u062a\u0646\u0627<\/h2>\t\t\t\t<\/div>\n\t\t\t\t<\/div>\n\t\t\t\t<div class=\"elementor-element elementor-element-8ff0ff3 elementor-nav-menu--dropdown-none elementor-widget elementor-widget-nav-menu\" data-id=\"8ff0ff3\" data-element_type=\"widget\" data-settings=\"{&quot;layout&quot;:&quot;horizontal&quot;,&quot;submenu_icon&quot;:{&quot;value&quot;:&quot;&lt;svg class=\\&quot;e-font-icon-svg e-fas-caret-down\\&quot; viewBox=\\&quot;0 0 320 512\\&quot; xmlns=\\&quot;http:\\\/\\\/www.w3.org\\\/2000\\\/svg\\&quot;&gt;&lt;path d=\\&quot;M31.3 192h257.3c17.8 0 26.7 21.5 14.1 34.1L174.1 354.8c-7.8 7.8-20.5 7.8-28.3 0L17.2 226.1C4.6 213.5 13.5 192 31.3 192z\\&quot;&gt;&lt;\\\/path&gt;&lt;\\\/svg&gt;&quot;,&quot;library&quot;:&quot;fa-solid&quot;}}\" data-widget_type=\"nav-menu.default\">\n\t\t\t\t<div class=\"elementor-widget-container\">\n\t\t\t\t\t\t\t\t<nav aria-label=\"\u0642\u0627\u0626\u0645\u0629 \u0637\u0639\u0627\u0645\" class=\"elementor-nav-menu--main elementor-nav-menu__container elementor-nav-menu--layout-horizontal e--pointer-underline e--animation-fade\">\n\t\t\t\t<ul id=\"menu-1-8ff0ff3\" class=\"elementor-nav-menu\"><li class=\"menu-item menu-item-type-post_type menu-item-object-page menu-item-1267\"><a href=\"https:\/\/sandyapiinsaat.com.tr\/ar\/insaat-hizmetleri\" class=\"elementor-item\">\u062e\u062f\u0645\u0627\u062a \u0627\u0644\u0628\u0646\u0627\u0621<\/a><\/li>\n<li class=\"menu-item menu-item-type-post_type menu-item-object-page menu-item-1266\"><a href=\"https:\/\/sandyapiinsaat.com.tr\/ar\/hafriyat-hizmetleri\" class=\"elementor-item\">\u062e\u062f\u0645\u0627\u062a \u0627\u0644\u062d\u0641\u0631<\/a><\/li>\n<li class=\"menu-item menu-item-type-post_type menu-item-object-page menu-item-1265\"><a href=\"https:\/\/sandyapiinsaat.com.tr\/ar\/mimarlik-hizmetleri\" class=\"elementor-item\">\u0627\u0644\u062e\u062f\u0645\u0627\u062a \u0627\u0644\u0645\u0639\u0645\u0627\u0631\u064a\u0629<\/a><\/li>\n<li class=\"menu-item menu-item-type-post_type menu-item-object-page menu-item-1261\"><a href=\"https:\/\/sandyapiinsaat.com.tr\/ar\/fabrika-ve-bina-temel-kazilari\" class=\"elementor-item\">\u062d\u0641\u0631\u064a\u0627\u062a \u0623\u0633\u0627\u0633\u0627\u062a \u0627\u0644\u0645\u0635\u0627\u0646\u0639 \u0648\u0627\u0644\u0645\u0628\u0627\u0646\u064a<\/a><\/li>\n<li class=\"menu-item menu-item-type-post_type menu-item-object-page menu-item-1263\"><a href=\"https:\/\/sandyapiinsaat.com.tr\/ar\/altyapi-hizmetleri\" class=\"elementor-item\">\u062e\u062f\u0645\u0627\u062a \u0627\u0644\u0628\u0646\u064a\u0629 \u0627\u0644\u062a\u062d\u062a\u064a\u0629<\/a><\/li>\n<li class=\"menu-item menu-item-type-post_type menu-item-object-page menu-item-1264\"><a href=\"https:\/\/sandyapiinsaat.com.tr\/ar\/yol-yapim-hizmetleri\" class=\"elementor-item\">\u062e\u062f\u0645\u0627\u062a \u0628\u0646\u0627\u0621 \u0627\u0644\u0637\u0631\u0642<\/a><\/li>\n<li class=\"menu-item menu-item-type-post_type menu-item-object-page menu-item-1262\"><a href=\"https:\/\/sandyapiinsaat.com.tr\/ar\/fabrika-ve-bina-dolgulari\" class=\"elementor-item\">\u062d\u0634\u0648\u0627\u062a \u0627\u0644\u0645\u0635\u0627\u0646\u0639 \u0648\u0627\u0644\u0645\u0628\u0627\u0646\u064a<\/a><\/li>\n<li class=\"menu-item menu-item-type-post_type menu-item-object-page menu-item-1268\"><a href=\"https:\/\/sandyapiinsaat.com.tr\/ar\/tasimacilik\" class=\"elementor-item\">\u0645\u0648\u0627\u0635\u0644\u0627\u062a<\/a><\/li>\n<\/ul>\t\t\t<\/nav>\n\t\t\t\t\t\t<nav class=\"elementor-nav-menu--dropdown elementor-nav-menu__container\" aria-hidden=\"true\">\n\t\t\t\t<ul id=\"menu-2-8ff0ff3\" class=\"elementor-nav-menu\"><li class=\"menu-item menu-item-type-post_type menu-item-object-page menu-item-1267\"><a href=\"https:\/\/sandyapiinsaat.com.tr\/ar\/insaat-hizmetleri\" class=\"elementor-item\" tabindex=\"-1\">\u062e\u062f\u0645\u0627\u062a \u0627\u0644\u0628\u0646\u0627\u0621<\/a><\/li>\n<li class=\"menu-item menu-item-type-post_type menu-item-object-page menu-item-1266\"><a href=\"https:\/\/sandyapiinsaat.com.tr\/ar\/hafriyat-hizmetleri\" class=\"elementor-item\" tabindex=\"-1\">\u062e\u062f\u0645\u0627\u062a \u0627\u0644\u062d\u0641\u0631<\/a><\/li>\n<li class=\"menu-item menu-item-type-post_type menu-item-object-page menu-item-1265\"><a href=\"https:\/\/sandyapiinsaat.com.tr\/ar\/mimarlik-hizmetleri\" class=\"elementor-item\" tabindex=\"-1\">\u0627\u0644\u062e\u062f\u0645\u0627\u062a \u0627\u0644\u0645\u0639\u0645\u0627\u0631\u064a\u0629<\/a><\/li>\n<li class=\"menu-item menu-item-type-post_type menu-item-object-page menu-item-1261\"><a href=\"https:\/\/sandyapiinsaat.com.tr\/ar\/fabrika-ve-bina-temel-kazilari\" class=\"elementor-item\" tabindex=\"-1\">\u062d\u0641\u0631\u064a\u0627\u062a \u0623\u0633\u0627\u0633\u0627\u062a \u0627\u0644\u0645\u0635\u0627\u0646\u0639 \u0648\u0627\u0644\u0645\u0628\u0627\u0646\u064a<\/a><\/li>\n<li class=\"menu-item menu-item-type-post_type menu-item-object-page menu-item-1263\"><a href=\"https:\/\/sandyapiinsaat.com.tr\/ar\/altyapi-hizmetleri\" class=\"elementor-item\" tabindex=\"-1\">\u062e\u062f\u0645\u0627\u062a \u0627\u0644\u0628\u0646\u064a\u0629 \u0627\u0644\u062a\u062d\u062a\u064a\u0629<\/a><\/li>\n<li class=\"menu-item menu-item-type-post_type menu-item-object-page menu-item-1264\"><a href=\"https:\/\/sandyapiinsaat.com.tr\/ar\/yol-yapim-hizmetleri\" class=\"elementor-item\" tabindex=\"-1\">\u062e\u062f\u0645\u0627\u062a \u0628\u0646\u0627\u0621 \u0627\u0644\u0637\u0631\u0642<\/a><\/li>\n<li class=\"menu-item menu-item-type-post_type menu-item-object-page menu-item-1262\"><a href=\"https:\/\/sandyapiinsaat.com.tr\/ar\/fabrika-ve-bina-dolgulari\" class=\"elementor-item\" tabindex=\"-1\">\u062d\u0634\u0648\u0627\u062a \u0627\u0644\u0645\u0635\u0627\u0646\u0639 \u0648\u0627\u0644\u0645\u0628\u0627\u0646\u064a<\/a><\/li>\n<li class=\"menu-item menu-item-type-post_type menu-item-object-page menu-item-1268\"><a href=\"https:\/\/sandyapiinsaat.com.tr\/ar\/tasimacilik\" class=\"elementor-item\" tabindex=\"-1\">\u0645\u0648\u0627\u0635\u0644\u0627\u062a<\/a><\/li>\n<\/ul>\t\t\t<\/nav>\n\t\t\t\t\t\t<\/div>\n\t\t\t\t<\/div>\n\t\t\t\t<\/div>\n\t\t\t\t<\/div>\n\t\t<div class=\"elementor-element elementor-element-6f2716c7 e-con-full e-flex e-con e-child\" data-id=\"6f2716c7\" data-element_type=\"container\" data-settings=\"{&quot;background_background&quot;:&quot;classic&quot;}\">\n\t\t\t\t<div class=\"elementor-element elementor-element-181563a0 elementor-widget elementor-widget-text-editor\" data-id=\"181563a0\" data-element_type=\"widget\" data-widget_type=\"text-editor.default\">\n\t\t\t\t<div class=\"elementor-widget-container\">\n\t\t\t\t\t\t\t\t\t<div class=\"elementor-element elementor-element-71a343d8 elementor-widget elementor-widget-text-editor\" data-id=\"71a343d8\" data-element_type=\"widget\" data-widget_type=\"text-editor.default\"><div class=\"elementor-widget-container\"><div class=\"elementor-element elementor-element-a2c1f4c elementor-widget elementor-widget-text-editor\" data-id=\"a2c1f4c\" data-element_type=\"widget\" data-widget_type=\"text-editor.default\"><div class=\"elementor-widget-container\"><p><b>\u062e\u062f\u0645\u0627\u062a \u0627\u0644\u062d\u0641\u0631 \u0627\u0644\u0627\u062d\u062a\u0631\u0627\u0641\u064a\u0629<\/b><\/p><p>\u062a\u0639\u062a\u0628\u0631 \u062d\u0641\u0631\u064a\u0627\u062a \u0627\u0644\u0623\u0633\u0627\u0633 \u062e\u0637\u0648\u0629 \u0623\u0633\u0627\u0633\u064a\u0629 \u0641\u064a \u062a\u062d\u062f\u064a\u062f \u0642\u0648\u0629 \u0627\u0644\u0647\u064a\u0643\u0644. \u0628\u0627\u0639\u062a\u0628\u0627\u0631\u0646\u0627 \u0634\u0631\u0643\u0629 Sand Yap\u0131 \u0130n\u015faat\u060c \u0641\u0625\u0646\u0646\u0627 \u0646\u0642\u0648\u0645 \u0628\u062a\u0646\u0641\u064a\u0630 \u0623\u0639\u0645\u0627\u0644 \u0627\u0644\u062d\u0641\u0631 \u0628\u062f\u0642\u0629 \u0648\u0641\u0642\u064b\u0627 \u0644\u0627\u062d\u062a\u064a\u0627\u062c\u0627\u062a \u0645\u0634\u0631\u0648\u0639\u0643 \u0628\u0627\u0633\u062a\u062e\u062f\u0627\u0645 \u0645\u0639\u062f\u0627\u062a\u0646\u0627 \u0627\u0644\u0627\u062d\u062a\u0631\u0627\u0641\u064a\u0629 \u0648\u0645\u0648\u0638\u0641\u064a\u0646\u0627 \u0627\u0644\u062e\u0628\u0631\u0627\u0621.<\/p><p><strong>\u0627\u0644\u0623\u0645\u0646 \u0648\u0627\u0644\u0646\u0638\u0627\u0645<\/strong><\/p><p>\u0625\u0646 \u0623\u0639\u0645\u0627\u0644 \u0627\u0644\u062d\u0641\u0631 \u0639\u0645\u0644\u064a\u0629 \u062f\u0642\u064a\u0642\u0629 \u062a\u062a\u0637\u0644\u0628 \u0627\u0644\u0633\u0644\u0627\u0645\u0629 \u0648\u0627\u0644\u0646\u0638\u0627\u0645. \u0628\u0627\u0639\u062a\u0628\u0627\u0631\u0646\u0627 \u0634\u0631\u0643\u0629 Sand Yap\u0131 \u0130n\u015faat\u060c \u0641\u0625\u0646\u0646\u0627 \u0646\u062f\u064a\u0631 \u0647\u0630\u0647 \u0627\u0644\u0639\u0645\u0644\u064a\u0629 \u0628\u062f\u0642\u0629 \u0648\u0646\u0642\u0648\u0645 \u0628\u0639\u0645\u0644\u064a\u0627\u062a \u0627\u0644\u062d\u0641\u0631 \u0648\u0641\u0642\u064b\u0627 \u0644\u0645\u0639\u0627\u064a\u064a\u0631 \u0627\u0644\u0633\u0644\u0627\u0645\u0629.<\/p><p><strong>\u0627\u0644\u062e\u0628\u0631\u0629 \u0648\u0627\u0644\u062a\u0643\u0646\u0648\u0644\u0648\u062c\u064a\u0627<\/strong><\/p><p>\u0628\u0641\u0636\u0644 \u062e\u0628\u0631\u062a\u0646\u0627 \u0627\u0644\u0645\u0645\u062a\u062f\u0629 \u0639\u0644\u0649 \u0645\u062f\u0627\u0631 \u0633\u0646\u0648\u0627\u062a \u0637\u0648\u064a\u0644\u0629\u060c \u0641\u0625\u0646\u0646\u0627 \u0646\u0639\u0645\u0644 \u0639\u0644\u0649 \u0632\u064a\u0627\u062f\u0629 \u0627\u0644\u0643\u0641\u0627\u0621\u0629 \u0641\u064a \u0623\u0639\u0645\u0627\u0644 \u0627\u0644\u062d\u0641\u0631 \u0628\u0627\u0633\u062a\u062e\u062f\u0627\u0645 \u0623\u062d\u062f\u062b \u0627\u0644\u062a\u0637\u0648\u0631\u0627\u062a \u0627\u0644\u062a\u0643\u0646\u0648\u0644\u0648\u062c\u064a\u0629. \u0648\u0628\u0647\u0630\u0647 \u0627\u0644\u0637\u0631\u064a\u0642\u0629\u060c \u0646\u0636\u0645\u0646 \u0623\u0646 \u0645\u0634\u0631\u0648\u0639\u0643 \u064a\u062a\u0642\u062f\u0645 \u0641\u064a \u0627\u0644\u0648\u0642\u062a \u0627\u0644\u0645\u062d\u062f\u062f \u0648\u0628\u0633\u0644\u0627\u0633\u0629.<\/p><\/div><\/div><section class=\"elementor-section elementor-inner-section elementor-element elementor-element-109905a elementor-section-boxed elementor-section-height-default elementor-section-height-default\" data-id=\"109905a\" data-element_type=\"section\"><div class=\"elementor-container elementor-column-gap-no\"><div class=\"elementor-column elementor-col-50 elementor-inner-column elementor-element elementor-element-4d99dff\" data-id=\"4d99dff\" data-element_type=\"column\"><div class=\"elementor-widget-wrap elementor-element-populated\"><div class=\"elementor-element elementor-element-9826458 elementor-widget elementor-widget-spacer\" data-id=\"9826458\" data-element_type=\"widget\" data-widget_type=\"spacer.default\"><div class=\"elementor-widget-container\"><div class=\"elementor-spacer\"><div class=\"elementor-spacer-inner\">\u00a0<\/div><\/div><\/div><\/div><div class=\"elementor-element elementor-element-30e31dc elementor-widget elementor-widget-text-editor\" data-id=\"30e31dc\" data-element_type=\"widget\" data-widget_type=\"text-editor.default\"><div class=\"elementor-widget-container\"><p><b>\u0623\u0633\u0627\u0633 \u0627\u0644\u0628\u0646\u0627\u0621 \u0627\u0644\u0645\u0648\u062b\u0648\u0642<\/b><\/p><p>\u0625\u0630\u0627 \u0643\u0646\u062a \u062a\u0628\u062d\u062b \u0639\u0646 \u0634\u0631\u064a\u0643 \u0645\u0648\u062b\u0648\u0642 \u0628\u0647 \u0641\u064a \u0623\u0639\u0645\u0627\u0644 \u0627\u0644\u0628\u0646\u0627\u0621 \u0648\u062d\u0641\u0631 \u0623\u0633\u0627\u0633\u0627\u062a \u0627\u0644\u0645\u0635\u0627\u0646\u0639\u060c \u0641\u0625\u0646 \u0634\u0631\u0643\u0629 Sand Yap\u0131 \u0130n\u015faat \u0647\u0646\u0627 \u0644\u062a\u0642\u062f\u0645 \u0644\u0643 \u0627\u0644\u062d\u0644\u0648\u0644 \u0627\u0644\u0623\u0643\u062b\u0631 \u0645\u0644\u0627\u0621\u0645\u0629. \u062a\u0648\u0627\u0635\u0644 \u0645\u0639\u0646\u0627 \u0644\u062a\u0639\u0632\u064a\u0632 \u0623\u0633\u0633 \u0645\u0634\u0627\u0631\u064a\u0639\u0643 \u0648\u062a\u0623\u0645\u064a\u0646 \u0645\u0633\u062a\u0642\u0628\u0644\u0643.<\/p><\/div><\/div><\/div><\/div><\/div><\/section><\/div><\/div>\t\t\t\t\t\t\t\t<\/div>\n\t\t\t\t<\/div>\n\t\t\t\t<\/div>\n\t\t\t\t\t<\/div>\n\t\t\t\t<\/div>\n\t\t\t\t<\/div>","protected":false},"excerpt":{"rendered":"<p>H\u0130ZMETLER\u0130M\u0130Z Profesyonel Kaz\u0131 Hizmetleri Temel kaz\u0131lar\u0131, bir yap\u0131n\u0131n g\u00fcc\u00fcn\u00fc belirleyen kilit bir ad\u0131md\u0131r. Sand Yap\u0131 \u0130n\u015faat olarak, profesyonel ekipmanlar ve uzman kadromuzla, projenizin ihtiya\u00e7lar\u0131na uygun&#8230;<\/p>","protected":false},"author":1,"featured_media":1304,"parent":0,"menu_order":0,"comment_status":"closed","ping_status":"closed","template":"","meta":{"footnotes":""},"class_list":["post-1206","page","type-page","status-publish","has-post-thumbnail","hentry"],"_links":{"self":[{"href":"https:\/\/sandyapiinsaat.com.tr\/ar\/wp-json\/wp\/v2\/pages\/1206","targetHints":{"allow":["GET"]}}],"collection":[{"href":"https:\/\/sandyapiinsaat.com.tr\/ar\/wp-json\/wp\/v2\/pages"}],"about":[{"href":"https:\/\/sandyapiinsaat.com.tr\/ar\/wp-json\/wp\/v2\/types\/page"}],"author":[{"embeddable":true,"href":"https:\/\/sandyapiinsaat.com.tr\/ar\/wp-json\/wp\/v2\/users\/1"}],"replies":[{"embeddable":true,"href":"https:\/\/sandyapiinsaat.com.tr\/ar\/wp-json\/wp\/v2\/comments?post=1206"}],"version-history":[{"count":10,"href":"https:\/\/sandyapiinsaat.com.tr\/ar\/wp-json\/wp\/v2\/pages\/1206\/revisions"}],"predecessor-version":[{"id":1420,"href":"https:\/\/sandyapiinsaat.com.tr\/ar\/wp-json\/wp\/v2\/pages\/1206\/revisions\/1420"}],"wp:featuredmedia":[{"embeddable":true,"href":"https:\/\/sandyapiinsaat.com.tr\/ar\/wp-json\/wp\/v2\/media\/1304"}],"wp:attachment":[{"href":"https:\/\/sandyapiinsaat.com.tr\/ar\/wp-json\/wp\/v2\/media?parent=1206"}],"curies":[{"name":"wp","href":"https:\/\/api.w.org\/{rel}","templated":true}]}}