{"id":1209,"date":"2024-12-18T09:33:41","date_gmt":"2024-12-18T06:33:41","guid":{"rendered":"https:\/\/demo.sandyapiinsaat.com.tr\/?page_id=1209"},"modified":"2024-12-18T15:08:42","modified_gmt":"2024-12-18T12:08:42","slug":"tasimacilik","status":"publish","type":"page","link":"https:\/\/sandyapiinsaat.com.tr\/ar\/tasimacilik","title":{"rendered":"\u0645\u0648\u0627\u0635\u0644\u0627\u062a"},"content":{"rendered":"<div data-elementor-type=\"wp-page\" data-elementor-id=\"1209\" class=\"elementor elementor-1209\" data-elementor-post-type=\"page\">\n\t\t\t\t<div class=\"elementor-element elementor-element-237c5446 e-flex e-con-boxed e-con e-parent\" data-id=\"237c5446\" data-element_type=\"container\">\n\t\t\t\t\t<div class=\"e-con-inner\">\n\t\t<div class=\"elementor-element elementor-element-4c9b1d05 e-con-full e-flex e-con e-child\" data-id=\"4c9b1d05\" data-element_type=\"container\" data-settings=\"{&quot;background_background&quot;:&quot;classic&quot;}\">\n\t\t<div class=\"elementor-element elementor-element-df7a1de e-con-full e-flex e-con e-child\" data-id=\"df7a1de\" data-element_type=\"container\" data-settings=\"{&quot;background_background&quot;:&quot;classic&quot;}\">\n\t\t\t\t<div class=\"elementor-element elementor-element-a27111d elementor-widget elementor-widget-heading\" data-id=\"a27111d\" data-element_type=\"widget\" data-widget_type=\"heading.default\">\n\t\t\t\t<div class=\"elementor-widget-container\">\n\t\t\t\t\t<h2 class=\"elementor-heading-title elementor-size-default\">\u062e\u062f\u0645\u0627\u062a\u0646\u0627<\/h2>\t\t\t\t<\/div>\n\t\t\t\t<\/div>\n\t\t\t\t<div class=\"elementor-element elementor-element-fb85910 elementor-nav-menu--dropdown-none elementor-widget elementor-widget-nav-menu\" data-id=\"fb85910\" data-element_type=\"widget\" data-settings=\"{&quot;layout&quot;:&quot;horizontal&quot;,&quot;submenu_icon&quot;:{&quot;value&quot;:&quot;&lt;svg class=\\&quot;e-font-icon-svg e-fas-caret-down\\&quot; viewBox=\\&quot;0 0 320 512\\&quot; xmlns=\\&quot;http:\\\/\\\/www.w3.org\\\/2000\\\/svg\\&quot;&gt;&lt;path d=\\&quot;M31.3 192h257.3c17.8 0 26.7 21.5 14.1 34.1L174.1 354.8c-7.8 7.8-20.5 7.8-28.3 0L17.2 226.1C4.6 213.5 13.5 192 31.3 192z\\&quot;&gt;&lt;\\\/path&gt;&lt;\\\/svg&gt;&quot;,&quot;library&quot;:&quot;fa-solid&quot;}}\" data-widget_type=\"nav-menu.default\">\n\t\t\t\t<div class=\"elementor-widget-container\">\n\t\t\t\t\t\t\t\t<nav aria-label=\"\u0642\u0627\u0626\u0645\u0629 \u0637\u0639\u0627\u0645\" class=\"elementor-nav-menu--main elementor-nav-menu__container elementor-nav-menu--layout-horizontal e--pointer-underline e--animation-fade\">\n\t\t\t\t<ul id=\"menu-1-fb85910\" class=\"elementor-nav-menu\"><li class=\"menu-item menu-item-type-post_type menu-item-object-page menu-item-1267\"><a href=\"https:\/\/sandyapiinsaat.com.tr\/ar\/insaat-hizmetleri\" class=\"elementor-item\">\u062e\u062f\u0645\u0627\u062a \u0627\u0644\u0628\u0646\u0627\u0621<\/a><\/li>\n<li class=\"menu-item menu-item-type-post_type menu-item-object-page menu-item-1266\"><a href=\"https:\/\/sandyapiinsaat.com.tr\/ar\/hafriyat-hizmetleri\" class=\"elementor-item\">\u062e\u062f\u0645\u0627\u062a \u0627\u0644\u062d\u0641\u0631<\/a><\/li>\n<li class=\"menu-item menu-item-type-post_type menu-item-object-page menu-item-1265\"><a href=\"https:\/\/sandyapiinsaat.com.tr\/ar\/mimarlik-hizmetleri\" class=\"elementor-item\">\u0627\u0644\u062e\u062f\u0645\u0627\u062a \u0627\u0644\u0645\u0639\u0645\u0627\u0631\u064a\u0629<\/a><\/li>\n<li class=\"menu-item menu-item-type-post_type menu-item-object-page menu-item-1261\"><a href=\"https:\/\/sandyapiinsaat.com.tr\/ar\/fabrika-ve-bina-temel-kazilari\" class=\"elementor-item\">\u062d\u0641\u0631\u064a\u0627\u062a \u0623\u0633\u0627\u0633\u0627\u062a \u0627\u0644\u0645\u0635\u0627\u0646\u0639 \u0648\u0627\u0644\u0645\u0628\u0627\u0646\u064a<\/a><\/li>\n<li class=\"menu-item menu-item-type-post_type menu-item-object-page menu-item-1263\"><a href=\"https:\/\/sandyapiinsaat.com.tr\/ar\/altyapi-hizmetleri\" class=\"elementor-item\">\u062e\u062f\u0645\u0627\u062a \u0627\u0644\u0628\u0646\u064a\u0629 \u0627\u0644\u062a\u062d\u062a\u064a\u0629<\/a><\/li>\n<li class=\"menu-item menu-item-type-post_type menu-item-object-page menu-item-1264\"><a href=\"https:\/\/sandyapiinsaat.com.tr\/ar\/yol-yapim-hizmetleri\" class=\"elementor-item\">\u062e\u062f\u0645\u0627\u062a \u0628\u0646\u0627\u0621 \u0627\u0644\u0637\u0631\u0642<\/a><\/li>\n<li class=\"menu-item menu-item-type-post_type menu-item-object-page menu-item-1262\"><a href=\"https:\/\/sandyapiinsaat.com.tr\/ar\/fabrika-ve-bina-dolgulari\" class=\"elementor-item\">\u062d\u0634\u0648\u0627\u062a \u0627\u0644\u0645\u0635\u0627\u0646\u0639 \u0648\u0627\u0644\u0645\u0628\u0627\u0646\u064a<\/a><\/li>\n<li class=\"menu-item menu-item-type-post_type menu-item-object-page menu-item-1268\"><a href=\"https:\/\/sandyapiinsaat.com.tr\/ar\/tasimacilik\" class=\"elementor-item\">\u0645\u0648\u0627\u0635\u0644\u0627\u062a<\/a><\/li>\n<\/ul>\t\t\t<\/nav>\n\t\t\t\t\t\t<nav class=\"elementor-nav-menu--dropdown elementor-nav-menu__container\" aria-hidden=\"true\">\n\t\t\t\t<ul id=\"menu-2-fb85910\" class=\"elementor-nav-menu\"><li class=\"menu-item menu-item-type-post_type menu-item-object-page menu-item-1267\"><a href=\"https:\/\/sandyapiinsaat.com.tr\/ar\/insaat-hizmetleri\" class=\"elementor-item\" tabindex=\"-1\">\u062e\u062f\u0645\u0627\u062a \u0627\u0644\u0628\u0646\u0627\u0621<\/a><\/li>\n<li class=\"menu-item menu-item-type-post_type menu-item-object-page menu-item-1266\"><a href=\"https:\/\/sandyapiinsaat.com.tr\/ar\/hafriyat-hizmetleri\" class=\"elementor-item\" tabindex=\"-1\">\u062e\u062f\u0645\u0627\u062a \u0627\u0644\u062d\u0641\u0631<\/a><\/li>\n<li class=\"menu-item menu-item-type-post_type menu-item-object-page menu-item-1265\"><a href=\"https:\/\/sandyapiinsaat.com.tr\/ar\/mimarlik-hizmetleri\" class=\"elementor-item\" tabindex=\"-1\">\u0627\u0644\u062e\u062f\u0645\u0627\u062a \u0627\u0644\u0645\u0639\u0645\u0627\u0631\u064a\u0629<\/a><\/li>\n<li class=\"menu-item menu-item-type-post_type menu-item-object-page menu-item-1261\"><a href=\"https:\/\/sandyapiinsaat.com.tr\/ar\/fabrika-ve-bina-temel-kazilari\" class=\"elementor-item\" tabindex=\"-1\">\u062d\u0641\u0631\u064a\u0627\u062a \u0623\u0633\u0627\u0633\u0627\u062a \u0627\u0644\u0645\u0635\u0627\u0646\u0639 \u0648\u0627\u0644\u0645\u0628\u0627\u0646\u064a<\/a><\/li>\n<li class=\"menu-item menu-item-type-post_type menu-item-object-page menu-item-1263\"><a href=\"https:\/\/sandyapiinsaat.com.tr\/ar\/altyapi-hizmetleri\" class=\"elementor-item\" tabindex=\"-1\">\u062e\u062f\u0645\u0627\u062a \u0627\u0644\u0628\u0646\u064a\u0629 \u0627\u0644\u062a\u062d\u062a\u064a\u0629<\/a><\/li>\n<li class=\"menu-item menu-item-type-post_type menu-item-object-page menu-item-1264\"><a href=\"https:\/\/sandyapiinsaat.com.tr\/ar\/yol-yapim-hizmetleri\" class=\"elementor-item\" tabindex=\"-1\">\u062e\u062f\u0645\u0627\u062a \u0628\u0646\u0627\u0621 \u0627\u0644\u0637\u0631\u0642<\/a><\/li>\n<li class=\"menu-item menu-item-type-post_type menu-item-object-page menu-item-1262\"><a href=\"https:\/\/sandyapiinsaat.com.tr\/ar\/fabrika-ve-bina-dolgulari\" class=\"elementor-item\" tabindex=\"-1\">\u062d\u0634\u0648\u0627\u062a \u0627\u0644\u0645\u0635\u0627\u0646\u0639 \u0648\u0627\u0644\u0645\u0628\u0627\u0646\u064a<\/a><\/li>\n<li class=\"menu-item menu-item-type-post_type menu-item-object-page menu-item-1268\"><a href=\"https:\/\/sandyapiinsaat.com.tr\/ar\/tasimacilik\" class=\"elementor-item\" tabindex=\"-1\">\u0645\u0648\u0627\u0635\u0644\u0627\u062a<\/a><\/li>\n<\/ul>\t\t\t<\/nav>\n\t\t\t\t\t\t<\/div>\n\t\t\t\t<\/div>\n\t\t\t\t<\/div>\n\t\t\t\t<\/div>\n\t\t<div class=\"elementor-element elementor-element-7fe8fe8d e-con-full e-flex e-con e-child\" data-id=\"7fe8fe8d\" data-element_type=\"container\" data-settings=\"{&quot;background_background&quot;:&quot;classic&quot;}\">\n\t\t\t\t<div class=\"elementor-element elementor-element-bed4b86 elementor-widget__width-initial elementor-widget elementor-widget-text-editor\" data-id=\"bed4b86\" data-element_type=\"widget\" data-widget_type=\"text-editor.default\">\n\t\t\t\t<div class=\"elementor-widget-container\">\n\t\t\t\t\t\t\t\t\t<div class=\"elementor-element elementor-element-71a343d8 elementor-widget elementor-widget-text-editor\" data-id=\"71a343d8\" data-element_type=\"widget\" data-widget_type=\"text-editor.default\"><div class=\"elementor-widget-container\"><div class=\"elementor-element elementor-element-763a18a elementor-widget elementor-widget-text-editor\" data-id=\"763a18a\" data-element_type=\"widget\" data-widget_type=\"text-editor.default\"><div class=\"elementor-widget-container\"><p>\u0628\u0627\u0639\u062a\u0628\u0627\u0631\u0646\u0627 \u0634\u0631\u0643\u0629 Sand Yap\u0131 \u0130n\u015faat\u060c \u0641\u0625\u0646\u0646\u0627 \u0646\u0642\u0648\u0645 \u0628\u062a\u0633\u0644\u064a\u0645 \u062d\u0645\u0648\u0644\u0627\u062a \u0645\u062e\u062a\u0644\u0641\u0629 \u0645\u062b\u0644 \u0627\u0644\u062a\u0631\u0628\u0629 \u0627\u0644\u0645\u062d\u0641\u0648\u0631\u0629 \u0648\u0646\u0641\u0627\u064a\u0627\u062a \u0627\u0644\u0628\u0646\u0627\u0621 \u0648\u0646\u0642\u0644 \u0627\u0644\u062d\u0637\u0627\u0645 \u0648\u0622\u0644\u0627\u062a \u0627\u0644\u0628\u0646\u0627\u0621 \u0625\u0644\u0649 \u0627\u0644\u0646\u0642\u0637\u0629 \u0627\u0644\u0645\u0633\u062a\u0647\u062f\u0641\u0629 \u0628\u0627\u0644\u0637\u0631\u064a\u0642\u0629 \u0627\u0644\u0623\u0643\u062b\u0631 \u0645\u0648\u062b\u0648\u0642\u064a\u0629 \u0645\u0646 \u062e\u0644\u0627\u0644 \u062e\u062f\u0645\u0627\u062a \u0627\u0644\u0646\u0642\u0644 \u0627\u0644\u062e\u0627\u0635\u0629 \u0628\u0646\u0627.<\/p><p><b>\u062d\u0645\u0627\u064a\u0629<\/b><\/p><p>\u0627\u0644\u0633\u0644\u0627\u0645\u0629 \u0648\u0627\u0644\u062f\u0642\u0629 \u0641\u064a \u0639\u0645\u0644\u064a\u0629 \u0627\u0644\u0646\u0642\u0644 \u0647\u064a \u0623\u0648\u0644\u0648\u064a\u0627\u062a\u0646\u0627. \u0645\u0639 \u0623\u0633\u0637\u0648\u0644\u0646\u0627 \u0627\u0644\u062d\u062f\u064a\u062b \u0648\u0633\u0627\u0626\u0642\u064a\u0646\u0627 \u0627\u0644\u062e\u0628\u0631\u0627\u0621\u060c \u0646\u0642\u0648\u0645 \u0628\u0646\u0642\u0644 \u062d\u0645\u0648\u0644\u0627\u062a\u0643 \u0628\u0627\u0644\u0637\u0631\u064a\u0642\u0629 \u0627\u0644\u0623\u0643\u062b\u0631 \u062f\u0642\u0629 \u0648\u0623\u0645\u0627\u0646\u064b\u0627. \u0648\u0647\u0630\u0627 \u064a\u0639\u0646\u064a \u0623\u0646\u0647 \u0644\u0627 \u062f\u0627\u0639\u064a \u0644\u0644\u0642\u0644\u0642 \u0623\u062b\u0646\u0627\u0621 \u0625\u0643\u0645\u0627\u0644 \u0639\u0645\u0644\u0643.<\/p><p><strong>\u0627\u0644\u0645\u0639\u062f\u0627\u062a \u0648\u0627\u0644\u062a\u0643\u0646\u0648\u0644\u0648\u062c\u064a\u0627<\/strong><\/p><p>\u0645\u0646 \u062e\u0644\u0627\u0644 \u0627\u0633\u062a\u062e\u062f\u0627\u0645 \u0645\u0639\u062f\u0627\u062a\u0646\u0627 \u0627\u0644\u0645\u062a\u0637\u0648\u0631\u0629\u060c \u0641\u0625\u0646\u0646\u0627 \u0646\u062c\u0639\u0644 \u0639\u0645\u0644\u064a\u0629 \u0627\u0644\u0646\u0642\u0644 \u0641\u0639\u0627\u0644\u0629. \u0646\u062d\u0646 \u0646\u0642\u0648\u0645 \u0628\u062a\u0648\u0635\u064a\u0644 \u062d\u0645\u0648\u0644\u0627\u062a\u0643 \u0625\u0644\u0649 \u0627\u0644\u0645\u0648\u0642\u0639 \u0627\u0644\u0645\u0637\u0644\u0648\u0628 \u062f\u0648\u0646 \u0623\u064a \u0645\u0634\u0627\u0643\u0644\u060c \u0628\u0627\u0633\u062a\u062e\u062f\u0627\u0645 \u0645\u0639\u062f\u0627\u062a \u0628\u0646\u0627\u0621 \u0645\u0648\u062b\u0648\u0642\u0629 \u0648\u0645\u0631\u0643\u0628\u0627\u062a \u0646\u0642\u0644 \u062d\u062f\u064a\u062b\u0629.<\/p><\/div><\/div><section class=\"elementor-section elementor-inner-section elementor-element elementor-element-19ae0fb elementor-section-boxed elementor-section-height-default elementor-section-height-default\" data-id=\"19ae0fb\" data-element_type=\"section\"><div class=\"elementor-container elementor-column-gap-no\"><div class=\"elementor-column elementor-col-50 elementor-inner-column elementor-element elementor-element-ed39c70\" data-id=\"ed39c70\" data-element_type=\"column\"><div class=\"elementor-widget-wrap elementor-element-populated\"><div class=\"elementor-element elementor-element-be575c9 elementor-widget elementor-widget-spacer\" data-id=\"be575c9\" data-element_type=\"widget\" data-widget_type=\"spacer.default\"><div class=\"elementor-widget-container\"><div class=\"elementor-spacer\"><div class=\"elementor-spacer-inner\">\u00a0<\/div><\/div><\/div><\/div><div class=\"elementor-element elementor-element-580f921 elementor-widget elementor-widget-text-editor\" data-id=\"580f921\" data-element_type=\"widget\" data-widget_type=\"text-editor.default\"><div class=\"elementor-widget-container\"><p><b>\u0634\u0631\u0643\u0629 \u0633\u0627\u0646\u062f \u064a\u0627\u0628\u064a \u0644\u0644\u0625\u0646\u0634\u0627\u0621\u0627\u062a<\/b><\/p><p>\u0625\u0630\u0627 \u0643\u0646\u062a \u062a\u0628\u062d\u062b \u0639\u0646 \u0634\u0631\u064a\u0643 \u0645\u0648\u062b\u0648\u0642 \u0628\u0647 \u0641\u064a \u062e\u062f\u0645\u0627\u062a \u0627\u0644\u0646\u0642\u0644\u060c \u0641\u0625\u0646 \u0634\u0631\u0643\u0629 Sand Yap\u0131 \u0130n\u015faat \u0647\u0646\u0627 \u0644\u062a\u0642\u062f\u0645 \u0644\u0643 \u0627\u0644\u062d\u0644\u0648\u0644 \u0627\u0644\u0623\u0643\u062b\u0631 \u0645\u0644\u0627\u0621\u0645\u0629. \u0627\u062a\u0635\u0644 \u0628\u0646\u0627 \u0644\u062a\u0633\u0647\u064a\u0644 \u0639\u0645\u0644\u0643 \u0645\u0646 \u062e\u0644\u0627\u0644 \u0646\u0642\u0644 \u062d\u0645\u0648\u0644\u0627\u062a\u0643 \u0628\u0623\u0645\u0627\u0646 \u0648\u0627\u062d\u062a\u0631\u0627\u0641\u064a\u0629.<\/p><\/div><\/div><\/div><\/div><\/div><\/section><\/div><\/div>\t\t\t\t\t\t\t\t<\/div>\n\t\t\t\t<\/div>\n\t\t\t\t<\/div>\n\t\t\t\t\t<\/div>\n\t\t\t\t<\/div>\n\t\t\t\t<\/div>","protected":false},"excerpt":{"rendered":"<p>H\u0130ZMETLER\u0130M\u0130Z Sand Yap\u0131 \u0130n\u015faat olarak, ta\u015f\u0131mac\u0131l\u0131k hizmetlerimizle hafriyat topra\u011f\u0131, in\u015faat at\u0131\u011f\u0131, y\u0131k\u0131nt\u0131 ta\u015f\u0131ma ve i\u015f makineleri gibi \u00e7e\u015fitli y\u00fckleri en g\u00fcvenilir \u015fekilde hedef noktaya ula\u015ft\u0131r\u0131yoruz&#8230;.<\/p>","protected":false},"author":1,"featured_media":1305,"parent":0,"menu_order":0,"comment_status":"closed","ping_status":"closed","template":"","meta":{"footnotes":""},"class_list":["post-1209","page","type-page","status-publish","has-post-thumbnail","hentry"],"_links":{"self":[{"href":"https:\/\/sandyapiinsaat.com.tr\/ar\/wp-json\/wp\/v2\/pages\/1209","targetHints":{"allow":["GET"]}}],"collection":[{"href":"https:\/\/sandyapiinsaat.com.tr\/ar\/wp-json\/wp\/v2\/pages"}],"about":[{"href":"https:\/\/sandyapiinsaat.com.tr\/ar\/wp-json\/wp\/v2\/types\/page"}],"author":[{"embeddable":true,"href":"https:\/\/sandyapiinsaat.com.tr\/ar\/wp-json\/wp\/v2\/users\/1"}],"replies":[{"embeddable":true,"href":"https:\/\/sandyapiinsaat.com.tr\/ar\/wp-json\/wp\/v2\/comments?post=1209"}],"version-history":[{"count":10,"href":"https:\/\/sandyapiinsaat.com.tr\/ar\/wp-json\/wp\/v2\/pages\/1209\/revisions"}],"predecessor-version":[{"id":1435,"href":"https:\/\/sandyapiinsaat.com.tr\/ar\/wp-json\/wp\/v2\/pages\/1209\/revisions\/1435"}],"wp:featuredmedia":[{"embeddable":true,"href":"https:\/\/sandyapiinsaat.com.tr\/ar\/wp-json\/wp\/v2\/media\/1305"}],"wp:attachment":[{"href":"https:\/\/sandyapiinsaat.com.tr\/ar\/wp-json\/wp\/v2\/media?parent=1209"}],"curies":[{"name":"wp","href":"https:\/\/api.w.org\/{rel}","templated":true}]}}