{"id":1198,"date":"2024-12-18T09:11:09","date_gmt":"2024-12-18T06:11:09","guid":{"rendered":"https:\/\/demo.sandyapiinsaat.com.tr\/?page_id=1198"},"modified":"2025-01-11T15:32:06","modified_gmt":"2025-01-11T12:32:06","slug":"mimarlik-hizmetleri","status":"publish","type":"page","link":"https:\/\/sandyapiinsaat.com.tr\/de\/mimarlik-hizmetleri","title":{"rendered":"Architekturdienstleistungen"},"content":{"rendered":"<div data-elementor-type=\"wp-page\" data-elementor-id=\"1198\" class=\"elementor elementor-1198\" data-elementor-post-type=\"page\">\n\t\t\t\t<div class=\"elementor-element elementor-element-654616fd e-flex e-con-boxed e-con e-parent\" data-id=\"654616fd\" data-element_type=\"container\">\n\t\t\t\t\t<div class=\"e-con-inner\">\n\t\t<div class=\"elementor-element elementor-element-2542d26 e-con-full e-flex e-con e-child\" data-id=\"2542d26\" data-element_type=\"container\" data-settings=\"{&quot;background_background&quot;:&quot;classic&quot;}\">\n\t\t<div class=\"elementor-element elementor-element-1afc60e e-con-full e-flex e-con e-child\" data-id=\"1afc60e\" data-element_type=\"container\" data-settings=\"{&quot;background_background&quot;:&quot;classic&quot;}\">\n\t\t\t\t<div class=\"elementor-element elementor-element-ba5a68d elementor-widget elementor-widget-heading\" data-id=\"ba5a68d\" data-element_type=\"widget\" data-widget_type=\"heading.default\">\n\t\t\t\t<div class=\"elementor-widget-container\">\n\t\t\t\t\t<h2 class=\"elementor-heading-title elementor-size-default\">UNSERE LEISTUNGEN<\/h2>\t\t\t\t<\/div>\n\t\t\t\t<\/div>\n\t\t\t\t<div class=\"elementor-element elementor-element-dbb28cf elementor-nav-menu--dropdown-none elementor-widget elementor-widget-nav-menu\" data-id=\"dbb28cf\" data-element_type=\"widget\" data-settings=\"{&quot;layout&quot;:&quot;horizontal&quot;,&quot;submenu_icon&quot;:{&quot;value&quot;:&quot;&lt;svg class=\\&quot;e-font-icon-svg e-fas-caret-down\\&quot; viewBox=\\&quot;0 0 320 512\\&quot; xmlns=\\&quot;http:\\\/\\\/www.w3.org\\\/2000\\\/svg\\&quot;&gt;&lt;path d=\\&quot;M31.3 192h257.3c17.8 0 26.7 21.5 14.1 34.1L174.1 354.8c-7.8 7.8-20.5 7.8-28.3 0L17.2 226.1C4.6 213.5 13.5 192 31.3 192z\\&quot;&gt;&lt;\\\/path&gt;&lt;\\\/svg&gt;&quot;,&quot;library&quot;:&quot;fa-solid&quot;}}\" data-widget_type=\"nav-menu.default\">\n\t\t\t\t<div class=\"elementor-widget-container\">\n\t\t\t\t\t\t\t\t<nav aria-label=\"Speisekarte\" class=\"elementor-nav-menu--main elementor-nav-menu__container elementor-nav-menu--layout-horizontal e--pointer-underline e--animation-fade\">\n\t\t\t\t<ul id=\"menu-1-dbb28cf\" class=\"elementor-nav-menu\"><li class=\"menu-item menu-item-type-post_type menu-item-object-page menu-item-1267\"><a href=\"https:\/\/sandyapiinsaat.com.tr\/de\/insaat-hizmetleri\" class=\"elementor-item\">Baudienstleistungen<\/a><\/li>\n<li class=\"menu-item menu-item-type-post_type menu-item-object-page menu-item-1266\"><a href=\"https:\/\/sandyapiinsaat.com.tr\/de\/hafriyat-hizmetleri\" class=\"elementor-item\">Ausgrabungsdienste<\/a><\/li>\n<li class=\"menu-item menu-item-type-post_type menu-item-object-page menu-item-1265\"><a href=\"https:\/\/sandyapiinsaat.com.tr\/de\/mimarlik-hizmetleri\" class=\"elementor-item\">Architekturdienstleistungen<\/a><\/li>\n<li class=\"menu-item menu-item-type-post_type menu-item-object-page menu-item-1261\"><a href=\"https:\/\/sandyapiinsaat.com.tr\/de\/fabrika-ve-bina-temel-kazilari\" class=\"elementor-item\">Ausgrabungen von Fabrik- und Geb\u00e4udefundamenten<\/a><\/li>\n<li class=\"menu-item menu-item-type-post_type menu-item-object-page menu-item-1263\"><a href=\"https:\/\/sandyapiinsaat.com.tr\/de\/altyapi-hizmetleri\" class=\"elementor-item\">Infrastrukturdienste<\/a><\/li>\n<li class=\"menu-item menu-item-type-post_type menu-item-object-page menu-item-1264\"><a href=\"https:\/\/sandyapiinsaat.com.tr\/de\/yol-yapim-hizmetleri\" class=\"elementor-item\">Stra\u00dfenbaudienstleistungen<\/a><\/li>\n<li class=\"menu-item menu-item-type-post_type menu-item-object-page menu-item-1262\"><a href=\"https:\/\/sandyapiinsaat.com.tr\/de\/fabrika-ve-bina-dolgulari\" class=\"elementor-item\">Fabrik- und Geb\u00e4udef\u00fcllungen<\/a><\/li>\n<li class=\"menu-item menu-item-type-post_type menu-item-object-page menu-item-1268\"><a href=\"https:\/\/sandyapiinsaat.com.tr\/de\/tasimacilik\" class=\"elementor-item\">Transport<\/a><\/li>\n<\/ul>\t\t\t<\/nav>\n\t\t\t\t\t\t<nav class=\"elementor-nav-menu--dropdown elementor-nav-menu__container\" aria-hidden=\"true\">\n\t\t\t\t<ul id=\"menu-2-dbb28cf\" class=\"elementor-nav-menu\"><li class=\"menu-item menu-item-type-post_type menu-item-object-page menu-item-1267\"><a href=\"https:\/\/sandyapiinsaat.com.tr\/de\/insaat-hizmetleri\" class=\"elementor-item\" tabindex=\"-1\">Baudienstleistungen<\/a><\/li>\n<li class=\"menu-item menu-item-type-post_type menu-item-object-page menu-item-1266\"><a href=\"https:\/\/sandyapiinsaat.com.tr\/de\/hafriyat-hizmetleri\" class=\"elementor-item\" tabindex=\"-1\">Ausgrabungsdienste<\/a><\/li>\n<li class=\"menu-item menu-item-type-post_type menu-item-object-page menu-item-1265\"><a href=\"https:\/\/sandyapiinsaat.com.tr\/de\/mimarlik-hizmetleri\" class=\"elementor-item\" tabindex=\"-1\">Architekturdienstleistungen<\/a><\/li>\n<li class=\"menu-item menu-item-type-post_type menu-item-object-page menu-item-1261\"><a href=\"https:\/\/sandyapiinsaat.com.tr\/de\/fabrika-ve-bina-temel-kazilari\" class=\"elementor-item\" tabindex=\"-1\">Ausgrabungen von Fabrik- und Geb\u00e4udefundamenten<\/a><\/li>\n<li class=\"menu-item menu-item-type-post_type menu-item-object-page menu-item-1263\"><a href=\"https:\/\/sandyapiinsaat.com.tr\/de\/altyapi-hizmetleri\" class=\"elementor-item\" tabindex=\"-1\">Infrastrukturdienste<\/a><\/li>\n<li class=\"menu-item menu-item-type-post_type menu-item-object-page menu-item-1264\"><a href=\"https:\/\/sandyapiinsaat.com.tr\/de\/yol-yapim-hizmetleri\" class=\"elementor-item\" tabindex=\"-1\">Stra\u00dfenbaudienstleistungen<\/a><\/li>\n<li class=\"menu-item menu-item-type-post_type menu-item-object-page menu-item-1262\"><a href=\"https:\/\/sandyapiinsaat.com.tr\/de\/fabrika-ve-bina-dolgulari\" class=\"elementor-item\" tabindex=\"-1\">Fabrik- und Geb\u00e4udef\u00fcllungen<\/a><\/li>\n<li class=\"menu-item menu-item-type-post_type menu-item-object-page menu-item-1268\"><a href=\"https:\/\/sandyapiinsaat.com.tr\/de\/tasimacilik\" class=\"elementor-item\" tabindex=\"-1\">Transport<\/a><\/li>\n<\/ul>\t\t\t<\/nav>\n\t\t\t\t\t\t<\/div>\n\t\t\t\t<\/div>\n\t\t\t\t<\/div>\n\t\t\t\t<\/div>\n\t\t<div class=\"elementor-element elementor-element-4e127b0b e-con-full e-flex e-con e-child\" data-id=\"4e127b0b\" data-element_type=\"container\" data-settings=\"{&quot;background_background&quot;:&quot;classic&quot;}\">\n\t\t\t\t<div class=\"elementor-element elementor-element-691535bd elementor-widget elementor-widget-text-editor\" data-id=\"691535bd\" data-element_type=\"widget\" data-widget_type=\"text-editor.default\">\n\t\t\t\t<div class=\"elementor-widget-container\">\n\t\t\t\t\t\t\t\t\t<div class=\"elementor-element elementor-element-71a343d8 elementor-widget elementor-widget-text-editor\" data-id=\"71a343d8\" data-element_type=\"widget\" data-widget_type=\"text-editor.default\"><div class=\"elementor-widget-container\"><div class=\"elementor-element elementor-element-7fd74bd elementor-widget elementor-widget-text-editor\" data-id=\"7fd74bd\" data-element_type=\"widget\" data-widget_type=\"text-editor.default\"><div class=\"elementor-widget-container\"><p><strong>Originelle Designs<\/strong><\/p><p>Jedes Projekt sollte einen einzigartigen Charakter haben. Wir verstehen die Erwartungen jedes unserer Kunden und entwickeln architektonische Entw\u00fcrfe, die seine Tr\u00e4ume am besten widerspiegeln. \u00c4sthetik und Funktionalit\u00e4t vereinen sich zu einzigartigen Strukturen.<\/p><p><strong>Die Aufmerksamkeit, die wir den Details widmen<\/strong><\/p><p>Die Sch\u00f6nheit architektonischer Gestaltung liegt im Detail verborgen. Als Sand Yap\u0131 \u0130n\u015faat gehen wir bei unseren Projekten sorgf\u00e4ltig auf jedes Detail ein. Wir schaffen eine \u00e4sthetische Integrit\u00e4t mit Details, die die Funktionalit\u00e4t unterst\u00fctzen.<\/p><\/div><\/div><section class=\"elementor-section elementor-inner-section elementor-element elementor-element-5c5d0c0 elementor-section-boxed elementor-section-height-default elementor-section-height-default\" data-id=\"5c5d0c0\" data-element_type=\"section\"><div class=\"elementor-container elementor-column-gap-no\"><div class=\"elementor-column elementor-col-50 elementor-inner-column elementor-element elementor-element-78b020b\" data-id=\"78b020b\" data-element_type=\"column\"><div class=\"elementor-widget-wrap elementor-element-populated\"><div class=\"elementor-element elementor-element-13939f4 elementor-widget elementor-widget-spacer\" data-id=\"13939f4\" data-element_type=\"widget\" data-widget_type=\"spacer.default\"><div class=\"elementor-widget-container\"><div class=\"elementor-spacer\"><div class=\"elementor-spacer-inner\">\u00a0<\/div><\/div><\/div><\/div><div class=\"elementor-element elementor-element-f1e17da elementor-widget elementor-widget-text-editor\" data-id=\"f1e17da\" data-element_type=\"widget\" data-widget_type=\"text-editor.default\"><div class=\"elementor-widget-container\"><p><b>Entwickeln Sie mit uns Ihr Traum-Architekturprojekt<\/b><\/p><p>Wir sind hier, um f\u00fcr Sie einen besonderen, einzigartigen architektonischen Entwurf zu realisieren. Als Sand Yap\u0131 \u0130n\u015faat legen wir Wert auf Ihre Bed\u00fcrfnisse und Erwartungen. Kontaktieren Sie uns, wir gestalten gemeinsam den Wohnraum Ihrer Tr\u00e4ume.<\/p><\/div><\/div><\/div><\/div><\/div><\/section><\/div><\/div>\t\t\t\t\t\t\t\t<\/div>\n\t\t\t\t<\/div>\n\t\t\t\t<\/div>\n\t\t\t\t\t<\/div>\n\t\t\t\t<\/div>\n\t\t<div class=\"elementor-element elementor-element-ce20179 e-flex e-con-boxed e-con e-parent\" data-id=\"ce20179\" data-element_type=\"container\">\n\t\t\t\t\t<div class=\"e-con-inner\">\n\t\t\t\t<div class=\"elementor-element elementor-element-890e3f4 elementor-widget elementor-widget-etheme_gallery\" data-id=\"890e3f4\" data-element_type=\"widget\" data-settings=\"{&quot;type&quot;:&quot;masonry&quot;,&quot;columns&quot;:{&quot;unit&quot;:&quot;px&quot;,&quot;size&quot;:4,&quot;sizes&quot;:[]},&quot;columns_tablet&quot;:{&quot;unit&quot;:&quot;px&quot;,&quot;size&quot;:3,&quot;sizes&quot;:[]},&quot;columns_mobile&quot;:{&quot;unit&quot;:&quot;px&quot;,&quot;size&quot;:2,&quot;sizes&quot;:[]},&quot;columns_gap&quot;:{&quot;unit&quot;:&quot;px&quot;,&quot;size&quot;:10,&quot;sizes&quot;:[]},&quot;columns_gap_tablet&quot;:{&quot;unit&quot;:&quot;px&quot;,&quot;size&quot;:&quot;&quot;,&quot;sizes&quot;:[]},&quot;columns_gap_mobile&quot;:{&quot;unit&quot;:&quot;px&quot;,&quot;size&quot;:&quot;&quot;,&quot;sizes&quot;:[]},&quot;rows_gap&quot;:{&quot;unit&quot;:&quot;px&quot;,&quot;size&quot;:10,&quot;sizes&quot;:[]},&quot;rows_gap_tablet&quot;:{&quot;unit&quot;:&quot;px&quot;,&quot;size&quot;:&quot;&quot;,&quot;sizes&quot;:[]},&quot;rows_gap_mobile&quot;:{&quot;unit&quot;:&quot;px&quot;,&quot;size&quot;:&quot;&quot;,&quot;sizes&quot;:[]}}\" data-widget_type=\"etheme_gallery.default\">\n\t\t\t\t<div class=\"elementor-widget-container\">\n\t\t\t\t\t        \r\n        <div class=\"etheme-gallery-wrapper\">\r\n            \t            \r\n\t            <div class=\"e-gallery etheme-gallery active\" id=\"etheme-gallery-2314\" data-item-settings=\"{&quot;type&quot;:&quot;masonry&quot;}\" data-uniq-id=\"2314\">\r\n                                <div class=\"e-gallery-item etheme-gallery-item\">\r\n                <div class=\"etheme-gallery-item-overlay\">\r\n                    <a data-elementor-open-lightbox=\"yes\" data-elementor-lightbox-slideshow=\"all-890e3f4\" data-elementor-lightbox-title=\"SAND YAPI M\u0130MARLIK\" data-e-action-hash=\"#elementor-action%3Aaction%3Dlightbox%26settings%3DeyJpZCI6MTY2OCwidXJsIjoiaHR0cHM6XC9cL3NhbmR5YXBpaW5zYWF0LmNvbS50clwvd3AtY29udGVudFwvdXBsb2Fkc1wvMjAyNVwvMDFcL1NBTkQtWUFQSS1NSU1BUkxJSy0xLmpwZyIsInNsaWRlc2hvdyI6ImFsbC04OTBlM2Y0In0%3D\" class=\"e-gallery-image etheme-gallery-image elementor-gallery-item__image\" data-thumbnail=\"https:\/\/sandyapiinsaat.com.tr\/wp-content\/uploads\/2025\/01\/SAND-YAPI-MIMARLIK-1.jpg\" data-width=\"1024\" data-height=\"467\" alt=\"\" style=\"background-image: url(&#039;https:\/\/sandyapiinsaat.com.tr\/wp-content\/uploads\/2025\/01\/SAND-YAPI-MIMARLIK-1.jpg&#039;)\" href=\"https:\/\/sandyapiinsaat.com.tr\/wp-content\/uploads\/2025\/01\/SAND-YAPI-MIMARLIK-1.jpg\"><\/a>\r\n\t                                <\/div>\r\n\t            <span class=\"etheme-gallery-item-details etheme-gallery-item-details-inside with-alignment\"><span class=\"etheme-gallery-lightbox-icon\">\r\n            <svg version=\"1.1\" xmlns=\"http:\/\/www.w3.org\/2000\/svg\" width=\"1em\" height=\"1em\" viewbox=\"0 0 24 24\" fill=\"currentColor\">\r\n                <path d=\"M23.784 22.8l-6.168-6.144c1.584-1.848 2.448-4.176 2.448-6.576 0-5.52-4.488-10.032-10.032-10.032-5.52 0-10.008 4.488-10.008 10.008s4.488 10.032 10.032 10.032c2.424 0 4.728-0.864 6.576-2.472l6.168 6.144c0.144 0.144 0.312 0.216 0.48 0.216s0.336-0.072 0.456-0.192c0.144-0.12 0.216-0.288 0.24-0.48 0-0.192-0.072-0.384-0.192-0.504zM18.696 10.080c0 4.752-3.888 8.64-8.664 8.64-4.752 0-8.64-3.888-8.64-8.664 0-4.752 3.888-8.64 8.664-8.64s8.64 3.888 8.64 8.664z\"><\/path>\r\n            <\/svg>\r\n        <\/span><\/span>\t                        <\/div>\r\n\t                <div class=\"e-gallery-item etheme-gallery-item\">\r\n                <div class=\"etheme-gallery-item-overlay\">\r\n                    <a data-elementor-open-lightbox=\"yes\" data-elementor-lightbox-slideshow=\"all-890e3f4\" data-elementor-lightbox-title=\"SAND YAPI M\u0130MARLIK\" data-e-action-hash=\"#elementor-action%3Aaction%3Dlightbox%26settings%3DeyJpZCI6MTY2OSwidXJsIjoiaHR0cHM6XC9cL3NhbmR5YXBpaW5zYWF0LmNvbS50clwvd3AtY29udGVudFwvdXBsb2Fkc1wvMjAyNVwvMDFcL1NBTkQtWUFQSS1NSU1BUkxJSy0yLXNjYWxlZC5qcGciLCJzbGlkZXNob3ciOiJhbGwtODkwZTNmNCJ9\" class=\"e-gallery-image etheme-gallery-image elementor-gallery-item__image\" data-thumbnail=\"https:\/\/sandyapiinsaat.com.tr\/wp-content\/uploads\/2025\/01\/SAND-YAPI-MIMARLIK-2-scaled.jpg\" data-width=\"2560\" data-height=\"1641\" alt=\"\" style=\"background-image: url(&#039;https:\/\/sandyapiinsaat.com.tr\/wp-content\/uploads\/2025\/01\/SAND-YAPI-MIMARLIK-2-scaled.jpg&#039;)\" href=\"https:\/\/sandyapiinsaat.com.tr\/wp-content\/uploads\/2025\/01\/SAND-YAPI-MIMARLIK-2-scaled.jpg\"><\/a>\r\n\t                                <\/div>\r\n\t            <span class=\"etheme-gallery-item-details etheme-gallery-item-details-inside with-alignment\"><span class=\"etheme-gallery-lightbox-icon\">\r\n            <svg version=\"1.1\" xmlns=\"http:\/\/www.w3.org\/2000\/svg\" width=\"1em\" height=\"1em\" viewbox=\"0 0 24 24\" fill=\"currentColor\">\r\n                <path d=\"M23.784 22.8l-6.168-6.144c1.584-1.848 2.448-4.176 2.448-6.576 0-5.52-4.488-10.032-10.032-10.032-5.52 0-10.008 4.488-10.008 10.008s4.488 10.032 10.032 10.032c2.424 0 4.728-0.864 6.576-2.472l6.168 6.144c0.144 0.144 0.312 0.216 0.48 0.216s0.336-0.072 0.456-0.192c0.144-0.12 0.216-0.288 0.24-0.48 0-0.192-0.072-0.384-0.192-0.504zM18.696 10.080c0 4.752-3.888 8.64-8.664 8.64-4.752 0-8.64-3.888-8.64-8.664 0-4.752 3.888-8.64 8.664-8.64s8.64 3.888 8.64 8.664z\"><\/path>\r\n            <\/svg>\r\n        <\/span><\/span>\t                        <\/div>\r\n\t                <div class=\"e-gallery-item etheme-gallery-item\">\r\n                <div class=\"etheme-gallery-item-overlay\">\r\n                    <a data-elementor-open-lightbox=\"yes\" data-elementor-lightbox-slideshow=\"all-890e3f4\" data-elementor-lightbox-title=\"SAND YAPI M\u0130MARLIK\" data-e-action-hash=\"#elementor-action%3Aaction%3Dlightbox%26settings%3DeyJpZCI6MTY3MCwidXJsIjoiaHR0cHM6XC9cL3NhbmR5YXBpaW5zYWF0LmNvbS50clwvd3AtY29udGVudFwvdXBsb2Fkc1wvMjAyNVwvMDFcL1NBTkQtWUFQSS1NSU1BUkxJSy0zLmpwZyIsInNsaWRlc2hvdyI6ImFsbC04OTBlM2Y0In0%3D\" class=\"e-gallery-image etheme-gallery-image elementor-gallery-item__image\" data-thumbnail=\"https:\/\/sandyapiinsaat.com.tr\/wp-content\/uploads\/2025\/01\/SAND-YAPI-MIMARLIK-3.jpg\" data-width=\"650\" data-height=\"370\" alt=\"\" style=\"background-image: url(&#039;https:\/\/sandyapiinsaat.com.tr\/wp-content\/uploads\/2025\/01\/SAND-YAPI-MIMARLIK-3.jpg&#039;)\" href=\"https:\/\/sandyapiinsaat.com.tr\/wp-content\/uploads\/2025\/01\/SAND-YAPI-MIMARLIK-3.jpg\"><\/a>\r\n\t                                <\/div>\r\n\t            <span class=\"etheme-gallery-item-details etheme-gallery-item-details-inside with-alignment\"><span class=\"etheme-gallery-lightbox-icon\">\r\n            <svg version=\"1.1\" xmlns=\"http:\/\/www.w3.org\/2000\/svg\" width=\"1em\" height=\"1em\" viewbox=\"0 0 24 24\" fill=\"currentColor\">\r\n                <path d=\"M23.784 22.8l-6.168-6.144c1.584-1.848 2.448-4.176 2.448-6.576 0-5.52-4.488-10.032-10.032-10.032-5.52 0-10.008 4.488-10.008 10.008s4.488 10.032 10.032 10.032c2.424 0 4.728-0.864 6.576-2.472l6.168 6.144c0.144 0.144 0.312 0.216 0.48 0.216s0.336-0.072 0.456-0.192c0.144-0.12 0.216-0.288 0.24-0.48 0-0.192-0.072-0.384-0.192-0.504zM18.696 10.080c0 4.752-3.888 8.64-8.664 8.64-4.752 0-8.64-3.888-8.64-8.664 0-4.752 3.888-8.64 8.664-8.64s8.64 3.888 8.64 8.664z\"><\/path>\r\n            <\/svg>\r\n        <\/span><\/span>\t                        <\/div>\r\n\t                <div class=\"e-gallery-item etheme-gallery-item\">\r\n                <div class=\"etheme-gallery-item-overlay\">\r\n                    <a data-elementor-open-lightbox=\"yes\" data-elementor-lightbox-slideshow=\"all-890e3f4\" data-elementor-lightbox-title=\"SAND YAPI M\u0130MARLIK\" data-e-action-hash=\"#elementor-action%3Aaction%3Dlightbox%26settings%3DeyJpZCI6MTY3MSwidXJsIjoiaHR0cHM6XC9cL3NhbmR5YXBpaW5zYWF0LmNvbS50clwvd3AtY29udGVudFwvdXBsb2Fkc1wvMjAyNVwvMDFcL1NBTkQtWUFQSS1NSU1BUkxJSy00LmpwZyIsInNsaWRlc2hvdyI6ImFsbC04OTBlM2Y0In0%3D\" class=\"e-gallery-image etheme-gallery-image elementor-gallery-item__image\" data-thumbnail=\"https:\/\/sandyapiinsaat.com.tr\/wp-content\/uploads\/2025\/01\/SAND-YAPI-MIMARLIK-4.jpg\" data-width=\"1920\" data-height=\"928\" alt=\"\" style=\"background-image: url(&#039;https:\/\/sandyapiinsaat.com.tr\/wp-content\/uploads\/2025\/01\/SAND-YAPI-MIMARLIK-4.jpg&#039;)\" href=\"https:\/\/sandyapiinsaat.com.tr\/wp-content\/uploads\/2025\/01\/SAND-YAPI-MIMARLIK-4.jpg\"><\/a>\r\n\t                                <\/div>\r\n\t            <span class=\"etheme-gallery-item-details etheme-gallery-item-details-inside with-alignment\"><span class=\"etheme-gallery-lightbox-icon\">\r\n            <svg version=\"1.1\" xmlns=\"http:\/\/www.w3.org\/2000\/svg\" width=\"1em\" height=\"1em\" viewbox=\"0 0 24 24\" fill=\"currentColor\">\r\n                <path d=\"M23.784 22.8l-6.168-6.144c1.584-1.848 2.448-4.176 2.448-6.576 0-5.52-4.488-10.032-10.032-10.032-5.52 0-10.008 4.488-10.008 10.008s4.488 10.032 10.032 10.032c2.424 0 4.728-0.864 6.576-2.472l6.168 6.144c0.144 0.144 0.312 0.216 0.48 0.216s0.336-0.072 0.456-0.192c0.144-0.12 0.216-0.288 0.24-0.48 0-0.192-0.072-0.384-0.192-0.504zM18.696 10.080c0 4.752-3.888 8.64-8.664 8.64-4.752 0-8.64-3.888-8.64-8.664 0-4.752 3.888-8.64 8.664-8.64s8.64 3.888 8.64 8.664z\"><\/path>\r\n            <\/svg>\r\n        <\/span><\/span>\t                        <\/div>\r\n\t                    <\/div>\r\n                    <\/div>\r\n        \r\n        \t\t\t\t<\/div>\n\t\t\t\t<\/div>\n\t\t\t\t\t<\/div>\n\t\t\t\t<\/div>\n\t\t\t\t<\/div>","protected":false},"excerpt":{"rendered":"<p>H\u0130ZMETLER\u0130M\u0130Z \u00d6zg\u00fcn Tasar\u0131mlar Her proje, \u00f6zg\u00fcn bir karakter ta\u015f\u0131mal\u0131d\u0131r. Biz, her m\u00fc\u015fterimizin beklentilerini anlayarak, onlar\u0131n hayallerini en iyi \u015fekilde yans\u0131tan mimari tasar\u0131mlar geli\u015ftiriyoruz. Estetik ve&#8230;<\/p>","protected":false},"author":1,"featured_media":1295,"parent":0,"menu_order":0,"comment_status":"closed","ping_status":"closed","template":"","meta":{"footnotes":""},"class_list":["post-1198","page","type-page","status-publish","has-post-thumbnail","hentry"],"_links":{"self":[{"href":"https:\/\/sandyapiinsaat.com.tr\/de\/wp-json\/wp\/v2\/pages\/1198","targetHints":{"allow":["GET"]}}],"collection":[{"href":"https:\/\/sandyapiinsaat.com.tr\/de\/wp-json\/wp\/v2\/pages"}],"about":[{"href":"https:\/\/sandyapiinsaat.com.tr\/de\/wp-json\/wp\/v2\/types\/page"}],"author":[{"embeddable":true,"href":"https:\/\/sandyapiinsaat.com.tr\/de\/wp-json\/wp\/v2\/users\/1"}],"replies":[{"embeddable":true,"href":"https:\/\/sandyapiinsaat.com.tr\/de\/wp-json\/wp\/v2\/comments?post=1198"}],"version-history":[{"count":13,"href":"https:\/\/sandyapiinsaat.com.tr\/de\/wp-json\/wp\/v2\/pages\/1198\/revisions"}],"predecessor-version":[{"id":1675,"href":"https:\/\/sandyapiinsaat.com.tr\/de\/wp-json\/wp\/v2\/pages\/1198\/revisions\/1675"}],"wp:featuredmedia":[{"embeddable":true,"href":"https:\/\/sandyapiinsaat.com.tr\/de\/wp-json\/wp\/v2\/media\/1295"}],"wp:attachment":[{"href":"https:\/\/sandyapiinsaat.com.tr\/de\/wp-json\/wp\/v2\/media?parent=1198"}],"curies":[{"name":"wp","href":"https:\/\/api.w.org\/{rel}","templated":true}]}}