{"id":1188,"date":"2024-12-17T17:54:33","date_gmt":"2024-12-17T14:54:33","guid":{"rendered":"https:\/\/demo.sandyapiinsaat.com.tr\/?page_id=1188"},"modified":"2025-01-11T15:19:20","modified_gmt":"2025-01-11T12:19:20","slug":"hizmetlerimiz","status":"publish","type":"page","link":"https:\/\/sandyapiinsaat.com.tr\/en\/hizmetlerimiz","title":{"rendered":"OUR SERVICES"},"content":{"rendered":"<div data-elementor-type=\"wp-page\" data-elementor-id=\"1188\" class=\"elementor elementor-1188\" data-elementor-post-type=\"page\">\n\t\t\t\t<div class=\"elementor-element elementor-element-32d37d1 e-con-full e-flex e-con e-parent\" data-id=\"32d37d1\" data-element_type=\"container\">\n\t\t<div class=\"elementor-element elementor-element-33755ad e-con-full e-flex e-con e-child\" data-id=\"33755ad\" data-element_type=\"container\">\n\t\t\t\t<div class=\"elementor-element elementor-element-153aba5 elementor-widget elementor-widget-banner\" data-id=\"153aba5\" data-element_type=\"widget\" data-widget_type=\"banner.default\">\n\t\t\t\t<div class=\"elementor-widget-container\">\n\t\t\t\t\t\t    <div id=\"banner-6910\" class=\"banner  cursor-pointer banner-type-6 et_image-with-hover et_image-hover-6 text-left valign-middle font-style-dark\" onclick=\"window.open('\/insaat-hizmetleri','_blank')\">\r\n    \t\t<img decoding=\"async\" src=\"https:\/\/sandyapiinsaat.com.tr\/wp-content\/uploads\/elementor\/thumbs\/xstore-placeholder-qyqb9rcmfnb703bgh8okwpbu8vb5rpyj3il7ys04a0.png\" data-src=\"https:\/\/sandyapiinsaat.com.tr\/wp-content\/uploads\/elementor\/thumbs\/SAND-YAPI-KOCAELIveISTANBUL-En-buyuk-Hafriyat-Firmasidir-qyqb9qetlhq46gpb5j6fzjl98uqz8uwv0y6d2xzw2s.png\" title=\"SAND YAPI KOCAEL\u0130ve\u0130STANBUL is the largest excavation company\" alt=\"SAND YAPI KOCAEL\u0130ve\u0130STANBUL En b\u00fcy\u00fck Hafriyat Firmas\u0131d\u0131r\" class=\"elementor-animation-  lazyload lazyload-simple et-lazyload-fadeIn\" loading=\"lazy\" \/>\t    \t<div class=\"banner-content\">\r\n\r\n\t\t\t\t<h2 class=\"banner-subtitle\"><span> <\/span><\/h2><h2 class=\"banner-title\"><span> SANDY STRUCTURE<\/span><\/h2>\t\t    \t<div class=\"content-inner\">\r\n\r\n\t\t    \t\t\r\n\t\t    \t<\/div>\r\n\t\t    \t\t\t\t\t\t\t<div class=\"button-wrap\">\r\n\t\t\t\t\t\t\t<div onclick=\"window.open('\/insaat-hizmetleri','_blank')\" class=\"banner-button btn medium inline-block  cursor-pointer\">\r\n\t\t\t\t\t\t\t\tBUILDING \t\t\t\t\t\t\t<\/div>\r\n\t\t\t\t\t\t<\/div>\r\n\t\t\t\t\t    \t<\/div>\r\n\t  \t<\/div>\r\n\t\r\n\t\t\t\t\t\t<\/div>\n\t\t\t\t<\/div>\n\t\t\t\t<\/div>\n\t\t<div class=\"elementor-element elementor-element-ebae63d e-con-full e-flex e-con e-child\" data-id=\"ebae63d\" data-element_type=\"container\">\n\t\t\t\t<div class=\"elementor-element elementor-element-2cbe73c elementor-widget elementor-widget-banner\" data-id=\"2cbe73c\" data-element_type=\"widget\" data-widget_type=\"banner.default\">\n\t\t\t\t<div class=\"elementor-widget-container\">\n\t\t\t\t\t\t    <div id=\"banner-1138\" class=\"banner  cursor-pointer banner-type-6 et_image-with-hover et_image-hover-6 text-left valign-middle font-style-dark\" onclick=\"window.open('\/hafriyat-hizmetleri','_blank')\">\r\n    \t\t<img decoding=\"async\" src=\"https:\/\/sandyapiinsaat.com.tr\/wp-content\/uploads\/elementor\/thumbs\/xstore-placeholder-qyqb9rcmfnb703bgh8okwpbu8vb5rpyj3il7ys04a0.png\" data-src=\"https:\/\/sandyapiinsaat.com.tr\/wp-content\/uploads\/elementor\/thumbs\/SAND-YAPI-HAFRIYAT-7-qzulclkna1igun4m30b5otzes3gwfto5957emeacys.png\" title=\"SAND CONSTRUCTION EXCAVATION (7)\" alt=\"SAND YAPI HAFR\u0130YAT (7)\" class=\"elementor-animation-  lazyload lazyload-simple et-lazyload-fadeIn\" loading=\"lazy\" \/>\t    \t<div class=\"banner-content\">\r\n\r\n\t\t\t\t<h2 class=\"banner-subtitle\"><span> <\/span><\/h2><h2 class=\"banner-title\"><span>SANDY STRUCTURE<\/span><\/h2>\t\t    \t<div class=\"content-inner\">\r\n\r\n\t\t    \t\t\r\n\t\t    \t<\/div>\r\n\t\t    \t\t\t\t\t\t\t<div class=\"button-wrap\">\r\n\t\t\t\t\t\t\t<div onclick=\"window.open('\/hafriyat-hizmetleri','_blank')\" class=\"banner-button btn medium inline-block  cursor-pointer\">\r\n\t\t\t\t\t\t\t\tEXCAVATION\t\t\t\t\t\t\t<\/div>\r\n\t\t\t\t\t\t<\/div>\r\n\t\t\t\t\t    \t<\/div>\r\n\t  \t<\/div>\r\n\t\r\n\t\t\t\t\t\t<\/div>\n\t\t\t\t<\/div>\n\t\t\t\t<\/div>\n\t\t<div class=\"elementor-element elementor-element-00fbd9b e-con-full e-flex e-con e-child\" data-id=\"00fbd9b\" data-element_type=\"container\">\n\t\t\t\t<div class=\"elementor-element elementor-element-09ec95d elementor-widget elementor-widget-banner\" data-id=\"09ec95d\" data-element_type=\"widget\" data-widget_type=\"banner.default\">\n\t\t\t\t<div class=\"elementor-widget-container\">\n\t\t\t\t\t\t    <div id=\"banner-6598\" class=\"banner  cursor-pointer banner-type-6 et_image-with-hover et_image-hover-6 text-left valign-middle font-style-dark\" onclick=\"window.open('\/mimarlik-hizmetleri','_blank')\">\r\n    \t\t<img decoding=\"async\" src=\"https:\/\/sandyapiinsaat.com.tr\/wp-content\/uploads\/elementor\/thumbs\/xstore-placeholder-qyqb9rcmfnb703bgh8okwpbu8vb5rpyj3il7ys04a0.png\" data-src=\"https:\/\/sandyapiinsaat.com.tr\/wp-content\/uploads\/elementor\/thumbs\/SAND-YAPI-MIMARLIK-HIZ-qyqb9qetlhq46gpb5j6fzjl98uqz8uwv0y6d2xzw2s.png\" title=\"SAND CONSTRUCTION ARCHITECTURE SPEED\" alt=\"SAND YAPI M\u0130MARLIK H\u0130Z\" class=\"elementor-animation-  lazyload lazyload-simple et-lazyload-fadeIn\" loading=\"lazy\" \/>\t    \t<div class=\"banner-content\">\r\n\r\n\t\t\t\t<h2 class=\"banner-subtitle\"><span> <\/span><\/h2><h2 class=\"banner-title\"><span>SANDY STRUCTURE<\/span><\/h2>\t\t    \t<div class=\"content-inner\">\r\n\r\n\t\t    \t\t\r\n\t\t    \t<\/div>\r\n\t\t    \t\t\t\t\t\t\t<div class=\"button-wrap\">\r\n\t\t\t\t\t\t\t<div onclick=\"window.open('\/mimarlik-hizmetleri','_blank')\" class=\"banner-button btn medium inline-block  cursor-pointer\">\r\n\t\t\t\t\t\t\t\tARCHITECTURE\t\t\t\t\t\t\t<\/div>\r\n\t\t\t\t\t\t<\/div>\r\n\t\t\t\t\t    \t<\/div>\r\n\t  \t<\/div>\r\n\t\r\n\t\t\t\t\t\t<\/div>\n\t\t\t\t<\/div>\n\t\t\t\t<\/div>\n\t\t\t\t<\/div>\n\t\t<div class=\"elementor-element elementor-element-0cfd558 e-con-full e-flex e-con e-parent\" data-id=\"0cfd558\" data-element_type=\"container\">\n\t\t<div class=\"elementor-element elementor-element-a925c4f e-con-full e-flex e-con e-child\" data-id=\"a925c4f\" data-element_type=\"container\">\n\t\t\t\t<div class=\"elementor-element elementor-element-92ffa66 elementor-widget elementor-widget-banner\" data-id=\"92ffa66\" data-element_type=\"widget\" data-widget_type=\"banner.default\">\n\t\t\t\t<div class=\"elementor-widget-container\">\n\t\t\t\t\t\t    <div id=\"banner-2921\" class=\"banner  cursor-pointer banner-type-6 et_image-with-hover et_image-hover-6 text-left valign-middle font-style-dark\" onclick=\"window.open('\/yol-yapim-hizmetleri','_blank')\">\r\n    \t\t<img decoding=\"async\" src=\"https:\/\/sandyapiinsaat.com.tr\/wp-content\/uploads\/elementor\/thumbs\/xstore-placeholder-qyqb9rcmfnb703bgh8okwpbu8vb5rpyj3il7ys04a0.png\" data-src=\"https:\/\/sandyapiinsaat.com.tr\/wp-content\/uploads\/elementor\/thumbs\/SAND-YAPI-YOL-YAPIMI-qyqb9qetlhq46gpb5j6fzjl98uqz8uwv0y6d2xzw2s.png\" title=\"SAND CONSTRUCTION ROAD CONSTRUCTION\" alt=\"SAND YAPI YOL YAPIMI\" class=\"elementor-animation-  lazyload lazyload-simple et-lazyload-fadeIn\" loading=\"lazy\" \/>\t    \t<div class=\"banner-content\">\r\n\r\n\t\t\t\t<h2 class=\"banner-subtitle\"><span> <\/span><\/h2><h2 class=\"banner-title\"><span>SANDY STRUCTURE<\/span><\/h2>\t\t    \t<div class=\"content-inner\">\r\n\r\n\t\t    \t\t\r\n\t\t    \t<\/div>\r\n\t\t    \t\t\t\t\t\t\t<div class=\"button-wrap\">\r\n\t\t\t\t\t\t\t<div onclick=\"window.open('\/yol-yapim-hizmetleri','_blank')\" class=\"banner-button btn medium inline-block  cursor-pointer\">\r\n\t\t\t\t\t\t\t\tROAD CONSTRUCTION\t\t\t\t\t\t\t<\/div>\r\n\t\t\t\t\t\t<\/div>\r\n\t\t\t\t\t    \t<\/div>\r\n\t  \t<\/div>\r\n\t\r\n\t\t\t\t\t\t<\/div>\n\t\t\t\t<\/div>\n\t\t\t\t<\/div>\n\t\t<div class=\"elementor-element elementor-element-97e73d5 e-con-full e-flex e-con e-child\" data-id=\"97e73d5\" data-element_type=\"container\">\n\t\t\t\t<div class=\"elementor-element elementor-element-03783e0 elementor-widget elementor-widget-banner\" data-id=\"03783e0\" data-element_type=\"widget\" data-widget_type=\"banner.default\">\n\t\t\t\t<div class=\"elementor-widget-container\">\n\t\t\t\t\t\t    <div id=\"banner-5741\" class=\"banner  cursor-pointer banner-type-6 et_image-with-hover et_image-hover-6 text-left valign-middle font-style-dark\" onclick=\"window.open('\/altyapi-hizmetleri','_blank')\">\r\n    \t\t<img decoding=\"async\" src=\"https:\/\/sandyapiinsaat.com.tr\/wp-content\/uploads\/elementor\/thumbs\/xstore-placeholder-qyqb9rcmfnb703bgh8okwpbu8vb5rpyj3il7ys04a0.png\" data-src=\"https:\/\/sandyapiinsaat.com.tr\/wp-content\/uploads\/elementor\/thumbs\/SAND-YAPI-ALTYAPI-qyqb9t8c5ztz5al7p2ebp0vn10d2vy821c4tirvpk4.png\" title=\"SAND STRUCTURE INFRASTRUCTURE\" alt=\"SAND YAPI ALTYAPI\" class=\"elementor-animation-  lazyload lazyload-simple et-lazyload-fadeIn\" loading=\"lazy\" \/>\t    \t<div class=\"banner-content\">\r\n\r\n\t\t\t\t<h2 class=\"banner-subtitle\"><span> <\/span><\/h2><h2 class=\"banner-title\"><span>SANDY STRUCTURE<\/span><\/h2>\t\t    \t<div class=\"content-inner\">\r\n\r\n\t\t    \t\t\r\n\t\t    \t<\/div>\r\n\t\t    \t\t\t\t\t\t\t<div class=\"button-wrap\">\r\n\t\t\t\t\t\t\t<div onclick=\"window.open('\/altyapi-hizmetleri','_blank')\" class=\"banner-button btn medium inline-block  cursor-pointer\">\r\n\t\t\t\t\t\t\t\tINFRASTRUCTURE\t\t\t\t\t\t\t<\/div>\r\n\t\t\t\t\t\t<\/div>\r\n\t\t\t\t\t    \t<\/div>\r\n\t  \t<\/div>\r\n\t\r\n\t\t\t\t\t\t<\/div>\n\t\t\t\t<\/div>\n\t\t\t\t<\/div>\n\t\t<div class=\"elementor-element elementor-element-7bd9652 e-con-full e-flex e-con e-child\" data-id=\"7bd9652\" data-element_type=\"container\">\n\t\t\t\t<div class=\"elementor-element elementor-element-a3982c5 elementor-widget elementor-widget-banner\" data-id=\"a3982c5\" data-element_type=\"widget\" data-widget_type=\"banner.default\">\n\t\t\t\t<div class=\"elementor-widget-container\">\n\t\t\t\t\t\t    <div id=\"banner-4781\" class=\"banner  cursor-pointer banner-type-6 et_image-with-hover et_image-hover-6 text-left valign-middle font-style-dark\" onclick=\"window.open('\/fabrika-ve-bina-dolgulari','_blank')\">\r\n    \t\t<img decoding=\"async\" src=\"https:\/\/sandyapiinsaat.com.tr\/wp-content\/uploads\/elementor\/thumbs\/xstore-placeholder-qyqb9rcmfnb703bgh8okwpbu8vb5rpyj3il7ys04a0.png\" data-src=\"https:\/\/sandyapiinsaat.com.tr\/wp-content\/uploads\/elementor\/thumbs\/SAND-YAPI-FABRIA-VE-BINA-DOLGULARI-qyqb9sahz5sotomkujzp4j46fmhpo94bp7hc1hx3qc.png\" title=\"SAND CONSTRUCTION FACTORY AND BUILDING FILLINGS\" alt=\"SAND YAPI FABR\u0130A VE B\u0130NA DOLGULARI\" class=\"elementor-animation-  lazyload lazyload-simple et-lazyload-fadeIn\" loading=\"lazy\" \/>\t    \t<div class=\"banner-content\">\r\n\r\n\t\t\t\t<h2 class=\"banner-subtitle\"><span> <\/span><\/h2><h2 class=\"banner-title\"><span>SANDY STRUCTURE<\/span><\/h2>\t\t    \t<div class=\"content-inner\">\r\n\r\n\t\t    \t\t\r\n\t\t    \t<\/div>\r\n\t\t    \t\t\t\t\t\t\t<div class=\"button-wrap\">\r\n\t\t\t\t\t\t\t<div onclick=\"window.open('\/fabrika-ve-bina-dolgulari','_blank')\" class=\"banner-button btn medium inline-block  cursor-pointer\">\r\n\t\t\t\t\t\t\t\tFACTORY AND BUILDING FILLINGS\t\t\t\t\t\t\t<\/div>\r\n\t\t\t\t\t\t<\/div>\r\n\t\t\t\t\t    \t<\/div>\r\n\t  \t<\/div>\r\n\t\r\n\t\t\t\t\t\t<\/div>\n\t\t\t\t<\/div>\n\t\t\t\t<\/div>\n\t\t\t\t<\/div>\n\t\t\t\t<\/div>","protected":false},"excerpt":{"rendered":"<p>SAND YAPI \u0130N\u015eAAT SAND YAPI HAFR\u0130YAT SAND YAPI M\u0130MARLIK SAND YAPI YOL YAPIMI SAND YAPI ALT YAPI SAND YAPI FABR\u0130KA VE B\u0130NA DOLGULARI<\/p>","protected":false},"author":1,"featured_media":0,"parent":0,"menu_order":0,"comment_status":"closed","ping_status":"closed","template":"","meta":{"footnotes":""},"class_list":["post-1188","page","type-page","status-publish","hentry"],"_links":{"self":[{"href":"https:\/\/sandyapiinsaat.com.tr\/en\/wp-json\/wp\/v2\/pages\/1188","targetHints":{"allow":["GET"]}}],"collection":[{"href":"https:\/\/sandyapiinsaat.com.tr\/en\/wp-json\/wp\/v2\/pages"}],"about":[{"href":"https:\/\/sandyapiinsaat.com.tr\/en\/wp-json\/wp\/v2\/types\/page"}],"author":[{"embeddable":true,"href":"https:\/\/sandyapiinsaat.com.tr\/en\/wp-json\/wp\/v2\/users\/1"}],"replies":[{"embeddable":true,"href":"https:\/\/sandyapiinsaat.com.tr\/en\/wp-json\/wp\/v2\/comments?post=1188"}],"version-history":[{"count":73,"href":"https:\/\/sandyapiinsaat.com.tr\/en\/wp-json\/wp\/v2\/pages\/1188\/revisions"}],"predecessor-version":[{"id":1634,"href":"https:\/\/sandyapiinsaat.com.tr\/en\/wp-json\/wp\/v2\/pages\/1188\/revisions\/1634"}],"wp:attachment":[{"href":"https:\/\/sandyapiinsaat.com.tr\/en\/wp-json\/wp\/v2\/media?parent=1188"}],"curies":[{"name":"wp","href":"https:\/\/api.w.org\/{rel}","templated":true}]}}