{"id":1206,"date":"2024-12-18T09:12:45","date_gmt":"2024-12-18T06:12:45","guid":{"rendered":"https:\/\/demo.sandyapiinsaat.com.tr\/?page_id=1206"},"modified":"2024-12-18T15:08:12","modified_gmt":"2024-12-18T12:08:12","slug":"fabrika-ve-bina-temel-kazilari","status":"publish","type":"page","link":"https:\/\/sandyapiinsaat.com.tr\/fr\/fabrika-ve-bina-temel-kazilari","title":{"rendered":"Excavations de fondations d&#039;usines et de b\u00e2timents"},"content":{"rendered":"<div data-elementor-type=\"wp-page\" data-elementor-id=\"1206\" class=\"elementor elementor-1206\" data-elementor-post-type=\"page\">\n\t\t\t\t<div class=\"elementor-element elementor-element-6205d595 e-flex e-con-boxed e-con e-parent\" data-id=\"6205d595\" data-element_type=\"container\">\n\t\t\t\t\t<div class=\"e-con-inner\">\n\t\t<div class=\"elementor-element elementor-element-24822da1 e-con-full e-flex e-con e-child\" data-id=\"24822da1\" data-element_type=\"container\" data-settings=\"{&quot;background_background&quot;:&quot;classic&quot;}\">\n\t\t<div class=\"elementor-element elementor-element-fc6418b e-con-full e-flex e-con e-child\" data-id=\"fc6418b\" data-element_type=\"container\" data-settings=\"{&quot;background_background&quot;:&quot;classic&quot;}\">\n\t\t\t\t<div class=\"elementor-element elementor-element-ee2af3a elementor-widget elementor-widget-heading\" data-id=\"ee2af3a\" data-element_type=\"widget\" data-widget_type=\"heading.default\">\n\t\t\t\t<div class=\"elementor-widget-container\">\n\t\t\t\t\t<h2 class=\"elementor-heading-title elementor-size-default\">NOS PRESTATIONS<\/h2>\t\t\t\t<\/div>\n\t\t\t\t<\/div>\n\t\t\t\t<div class=\"elementor-element elementor-element-8ff0ff3 elementor-nav-menu--dropdown-none elementor-widget elementor-widget-nav-menu\" data-id=\"8ff0ff3\" data-element_type=\"widget\" data-settings=\"{&quot;layout&quot;:&quot;horizontal&quot;,&quot;submenu_icon&quot;:{&quot;value&quot;:&quot;&lt;svg class=\\&quot;e-font-icon-svg e-fas-caret-down\\&quot; viewBox=\\&quot;0 0 320 512\\&quot; xmlns=\\&quot;http:\\\/\\\/www.w3.org\\\/2000\\\/svg\\&quot;&gt;&lt;path d=\\&quot;M31.3 192h257.3c17.8 0 26.7 21.5 14.1 34.1L174.1 354.8c-7.8 7.8-20.5 7.8-28.3 0L17.2 226.1C4.6 213.5 13.5 192 31.3 192z\\&quot;&gt;&lt;\\\/path&gt;&lt;\\\/svg&gt;&quot;,&quot;library&quot;:&quot;fa-solid&quot;}}\" data-widget_type=\"nav-menu.default\">\n\t\t\t\t<div class=\"elementor-widget-container\">\n\t\t\t\t\t\t\t\t<nav aria-label=\"Menu\" class=\"elementor-nav-menu--main elementor-nav-menu__container elementor-nav-menu--layout-horizontal e--pointer-underline e--animation-fade\">\n\t\t\t\t<ul id=\"menu-1-8ff0ff3\" class=\"elementor-nav-menu\"><li class=\"menu-item menu-item-type-post_type menu-item-object-page menu-item-1267\"><a href=\"https:\/\/sandyapiinsaat.com.tr\/fr\/insaat-hizmetleri\" class=\"elementor-item\">Services de construction<\/a><\/li>\n<li class=\"menu-item menu-item-type-post_type menu-item-object-page menu-item-1266\"><a href=\"https:\/\/sandyapiinsaat.com.tr\/fr\/hafriyat-hizmetleri\" class=\"elementor-item\">Services d&#039;excavation<\/a><\/li>\n<li class=\"menu-item menu-item-type-post_type menu-item-object-page menu-item-1265\"><a href=\"https:\/\/sandyapiinsaat.com.tr\/fr\/mimarlik-hizmetleri\" class=\"elementor-item\">Services d&#039;architecture<\/a><\/li>\n<li class=\"menu-item menu-item-type-post_type menu-item-object-page menu-item-1261\"><a href=\"https:\/\/sandyapiinsaat.com.tr\/fr\/fabrika-ve-bina-temel-kazilari\" class=\"elementor-item\">Excavations de fondations d&#039;usines et de b\u00e2timents<\/a><\/li>\n<li class=\"menu-item menu-item-type-post_type menu-item-object-page menu-item-1263\"><a href=\"https:\/\/sandyapiinsaat.com.tr\/fr\/altyapi-hizmetleri\" class=\"elementor-item\">Services d&#039;infrastructure<\/a><\/li>\n<li class=\"menu-item menu-item-type-post_type menu-item-object-page menu-item-1264\"><a href=\"https:\/\/sandyapiinsaat.com.tr\/fr\/yol-yapim-hizmetleri\" class=\"elementor-item\">Services de construction routi\u00e8re<\/a><\/li>\n<li class=\"menu-item menu-item-type-post_type menu-item-object-page menu-item-1262\"><a href=\"https:\/\/sandyapiinsaat.com.tr\/fr\/fabrika-ve-bina-dolgulari\" class=\"elementor-item\">Remplissages d&#039;usines et de b\u00e2timents<\/a><\/li>\n<li class=\"menu-item menu-item-type-post_type menu-item-object-page menu-item-1268\"><a href=\"https:\/\/sandyapiinsaat.com.tr\/fr\/tasimacilik\" class=\"elementor-item\">Transport<\/a><\/li>\n<\/ul>\t\t\t<\/nav>\n\t\t\t\t\t\t<nav class=\"elementor-nav-menu--dropdown elementor-nav-menu__container\" aria-hidden=\"true\">\n\t\t\t\t<ul id=\"menu-2-8ff0ff3\" class=\"elementor-nav-menu\"><li class=\"menu-item menu-item-type-post_type menu-item-object-page menu-item-1267\"><a href=\"https:\/\/sandyapiinsaat.com.tr\/fr\/insaat-hizmetleri\" class=\"elementor-item\" tabindex=\"-1\">Services de construction<\/a><\/li>\n<li class=\"menu-item menu-item-type-post_type menu-item-object-page menu-item-1266\"><a href=\"https:\/\/sandyapiinsaat.com.tr\/fr\/hafriyat-hizmetleri\" class=\"elementor-item\" tabindex=\"-1\">Services d&#039;excavation<\/a><\/li>\n<li class=\"menu-item menu-item-type-post_type menu-item-object-page menu-item-1265\"><a href=\"https:\/\/sandyapiinsaat.com.tr\/fr\/mimarlik-hizmetleri\" class=\"elementor-item\" tabindex=\"-1\">Services d&#039;architecture<\/a><\/li>\n<li class=\"menu-item menu-item-type-post_type menu-item-object-page menu-item-1261\"><a href=\"https:\/\/sandyapiinsaat.com.tr\/fr\/fabrika-ve-bina-temel-kazilari\" class=\"elementor-item\" tabindex=\"-1\">Excavations de fondations d&#039;usines et de b\u00e2timents<\/a><\/li>\n<li class=\"menu-item menu-item-type-post_type menu-item-object-page menu-item-1263\"><a href=\"https:\/\/sandyapiinsaat.com.tr\/fr\/altyapi-hizmetleri\" class=\"elementor-item\" tabindex=\"-1\">Services d&#039;infrastructure<\/a><\/li>\n<li class=\"menu-item menu-item-type-post_type menu-item-object-page menu-item-1264\"><a href=\"https:\/\/sandyapiinsaat.com.tr\/fr\/yol-yapim-hizmetleri\" class=\"elementor-item\" tabindex=\"-1\">Services de construction routi\u00e8re<\/a><\/li>\n<li class=\"menu-item menu-item-type-post_type menu-item-object-page menu-item-1262\"><a href=\"https:\/\/sandyapiinsaat.com.tr\/fr\/fabrika-ve-bina-dolgulari\" class=\"elementor-item\" tabindex=\"-1\">Remplissages d&#039;usines et de b\u00e2timents<\/a><\/li>\n<li class=\"menu-item menu-item-type-post_type menu-item-object-page menu-item-1268\"><a href=\"https:\/\/sandyapiinsaat.com.tr\/fr\/tasimacilik\" class=\"elementor-item\" tabindex=\"-1\">Transport<\/a><\/li>\n<\/ul>\t\t\t<\/nav>\n\t\t\t\t\t\t<\/div>\n\t\t\t\t<\/div>\n\t\t\t\t<\/div>\n\t\t\t\t<\/div>\n\t\t<div class=\"elementor-element elementor-element-6f2716c7 e-con-full e-flex e-con e-child\" data-id=\"6f2716c7\" data-element_type=\"container\" data-settings=\"{&quot;background_background&quot;:&quot;classic&quot;}\">\n\t\t\t\t<div class=\"elementor-element elementor-element-181563a0 elementor-widget elementor-widget-text-editor\" data-id=\"181563a0\" data-element_type=\"widget\" data-widget_type=\"text-editor.default\">\n\t\t\t\t<div class=\"elementor-widget-container\">\n\t\t\t\t\t\t\t\t\t<div class=\"elementor-element elementor-element-71a343d8 elementor-widget elementor-widget-text-editor\" data-id=\"71a343d8\" data-element_type=\"widget\" data-widget_type=\"text-editor.default\"><div class=\"elementor-widget-container\"><div class=\"elementor-element elementor-element-a2c1f4c elementor-widget elementor-widget-text-editor\" data-id=\"a2c1f4c\" data-element_type=\"widget\" data-widget_type=\"text-editor.default\"><div class=\"elementor-widget-container\"><p><b>Services d&#039;excavation professionnels<\/b><\/p><p>Les travaux de terrassement sont une \u00e9tape cruciale pour d\u00e9terminer la solidit\u00e9 d&#039;une structure. Chez Sand Yap\u0131 \u0130n\u015faat, nous r\u00e9alisons des terrassements sur mesure, adapt\u00e9s aux besoins de votre projet, gr\u00e2ce \u00e0 un \u00e9quipement professionnel et une \u00e9quipe d&#039;experts.<\/p><p><strong>S\u00e9curit\u00e9 et ordre<\/strong><\/p><p>Les travaux d&#039;excavation sont une op\u00e9ration d\u00e9licate qui exige s\u00e9curit\u00e9 et rigueur. Chez Sand Yap\u0131 \u0130n\u015faat, nous g\u00e9rons ce processus avec minutie et r\u00e9alisons les excavations dans le respect des normes de s\u00e9curit\u00e9.<\/p><p><strong>Exp\u00e9rience et technologie<\/strong><\/p><p>Forts de nos nombreuses ann\u00e9es d&#039;exp\u00e9rience, nous utilisons les derni\u00e8res avanc\u00e9es technologiques pour accro\u00eetre l&#039;efficacit\u00e9 des travaux d&#039;excavation, garantissant ainsi le bon d\u00e9roulement et le respect des d\u00e9lais de votre projet.<\/p><\/div><\/div><section class=\"elementor-section elementor-inner-section elementor-element elementor-element-109905a elementor-section-boxed elementor-section-height-default elementor-section-height-default\" data-id=\"109905a\" data-element_type=\"section\"><div class=\"elementor-container elementor-column-gap-no\"><div class=\"elementor-column elementor-col-50 elementor-inner-column elementor-element elementor-element-4d99dff\" data-id=\"4d99dff\" data-element_type=\"column\"><div class=\"elementor-widget-wrap elementor-element-populated\"><div class=\"elementor-element elementor-element-9826458 elementor-widget elementor-widget-spacer\" data-id=\"9826458\" data-element_type=\"widget\" data-widget_type=\"spacer.default\"><div class=\"elementor-widget-container\"><div class=\"elementor-spacer\"><div class=\"elementor-spacer-inner\">\u00a0<\/div><\/div><\/div><\/div><div class=\"elementor-element elementor-element-30e31dc elementor-widget elementor-widget-text-editor\" data-id=\"30e31dc\" data-element_type=\"widget\" data-widget_type=\"text-editor.default\"><div class=\"elementor-widget-container\"><p><b>Les fondements d&#039;une construction fiable<\/b><\/p><p>Pour vos travaux de terrassement de fondations de b\u00e2timents et d&#039;usines, Sand Yap\u0131 \u0130n\u015faat est le partenaire id\u00e9al pour vous offrir les meilleures solutions. Contactez-nous pour consolider les fondations de vos projets et assurer leur avenir.<\/p><\/div><\/div><\/div><\/div><\/div><\/section><\/div><\/div>\t\t\t\t\t\t\t\t<\/div>\n\t\t\t\t<\/div>\n\t\t\t\t<\/div>\n\t\t\t\t\t<\/div>\n\t\t\t\t<\/div>\n\t\t\t\t<\/div>","protected":false},"excerpt":{"rendered":"<p>H\u0130ZMETLER\u0130M\u0130Z Profesyonel Kaz\u0131 Hizmetleri Temel kaz\u0131lar\u0131, bir yap\u0131n\u0131n g\u00fcc\u00fcn\u00fc belirleyen kilit bir ad\u0131md\u0131r. Sand Yap\u0131 \u0130n\u015faat olarak, profesyonel ekipmanlar ve uzman kadromuzla, projenizin ihtiya\u00e7lar\u0131na uygun&#8230;<\/p>","protected":false},"author":1,"featured_media":1304,"parent":0,"menu_order":0,"comment_status":"closed","ping_status":"closed","template":"","meta":{"footnotes":""},"class_list":["post-1206","page","type-page","status-publish","has-post-thumbnail","hentry"],"_links":{"self":[{"href":"https:\/\/sandyapiinsaat.com.tr\/fr\/wp-json\/wp\/v2\/pages\/1206","targetHints":{"allow":["GET"]}}],"collection":[{"href":"https:\/\/sandyapiinsaat.com.tr\/fr\/wp-json\/wp\/v2\/pages"}],"about":[{"href":"https:\/\/sandyapiinsaat.com.tr\/fr\/wp-json\/wp\/v2\/types\/page"}],"author":[{"embeddable":true,"href":"https:\/\/sandyapiinsaat.com.tr\/fr\/wp-json\/wp\/v2\/users\/1"}],"replies":[{"embeddable":true,"href":"https:\/\/sandyapiinsaat.com.tr\/fr\/wp-json\/wp\/v2\/comments?post=1206"}],"version-history":[{"count":10,"href":"https:\/\/sandyapiinsaat.com.tr\/fr\/wp-json\/wp\/v2\/pages\/1206\/revisions"}],"predecessor-version":[{"id":1420,"href":"https:\/\/sandyapiinsaat.com.tr\/fr\/wp-json\/wp\/v2\/pages\/1206\/revisions\/1420"}],"wp:featuredmedia":[{"embeddable":true,"href":"https:\/\/sandyapiinsaat.com.tr\/fr\/wp-json\/wp\/v2\/media\/1304"}],"wp:attachment":[{"href":"https:\/\/sandyapiinsaat.com.tr\/fr\/wp-json\/wp\/v2\/media?parent=1206"}],"curies":[{"name":"wp","href":"https:\/\/api.w.org\/{rel}","templated":true}]}}