{"id":1206,"date":"2024-12-18T09:12:45","date_gmt":"2024-12-18T06:12:45","guid":{"rendered":"https:\/\/demo.sandyapiinsaat.com.tr\/?page_id=1206"},"modified":"2024-12-18T15:08:12","modified_gmt":"2024-12-18T12:08:12","slug":"fabrika-ve-bina-temel-kazilari","status":"publish","type":"page","link":"https:\/\/sandyapiinsaat.com.tr\/ru\/fabrika-ve-bina-temel-kazilari","title":{"rendered":"\u0420\u0430\u0441\u043a\u043e\u043f\u043a\u0438 \u0444\u0443\u043d\u0434\u0430\u043c\u0435\u043d\u0442\u043e\u0432 \u0437\u0430\u0432\u043e\u0434\u043e\u0432 \u0438 \u0437\u0434\u0430\u043d\u0438\u0439"},"content":{"rendered":"<div data-elementor-type=\"wp-page\" data-elementor-id=\"1206\" class=\"elementor elementor-1206\" data-elementor-post-type=\"page\">\n\t\t\t\t<div class=\"elementor-element elementor-element-6205d595 e-flex e-con-boxed e-con e-parent\" data-id=\"6205d595\" data-element_type=\"container\">\n\t\t\t\t\t<div class=\"e-con-inner\">\n\t\t<div class=\"elementor-element elementor-element-24822da1 e-con-full e-flex e-con e-child\" data-id=\"24822da1\" data-element_type=\"container\" data-settings=\"{&quot;background_background&quot;:&quot;classic&quot;}\">\n\t\t<div class=\"elementor-element elementor-element-fc6418b e-con-full e-flex e-con e-child\" data-id=\"fc6418b\" data-element_type=\"container\" data-settings=\"{&quot;background_background&quot;:&quot;classic&quot;}\">\n\t\t\t\t<div class=\"elementor-element elementor-element-ee2af3a elementor-widget elementor-widget-heading\" data-id=\"ee2af3a\" data-element_type=\"widget\" data-widget_type=\"heading.default\">\n\t\t\t\t<div class=\"elementor-widget-container\">\n\t\t\t\t\t<h2 class=\"elementor-heading-title elementor-size-default\">\u041d\u0410\u0428\u0418 \u0423\u0421\u041b\u0423\u0413\u0418<\/h2>\t\t\t\t<\/div>\n\t\t\t\t<\/div>\n\t\t\t\t<div class=\"elementor-element elementor-element-8ff0ff3 elementor-nav-menu--dropdown-none elementor-widget elementor-widget-nav-menu\" data-id=\"8ff0ff3\" data-element_type=\"widget\" data-settings=\"{&quot;layout&quot;:&quot;horizontal&quot;,&quot;submenu_icon&quot;:{&quot;value&quot;:&quot;&lt;svg class=\\&quot;e-font-icon-svg e-fas-caret-down\\&quot; viewBox=\\&quot;0 0 320 512\\&quot; xmlns=\\&quot;http:\\\/\\\/www.w3.org\\\/2000\\\/svg\\&quot;&gt;&lt;path d=\\&quot;M31.3 192h257.3c17.8 0 26.7 21.5 14.1 34.1L174.1 354.8c-7.8 7.8-20.5 7.8-28.3 0L17.2 226.1C4.6 213.5 13.5 192 31.3 192z\\&quot;&gt;&lt;\\\/path&gt;&lt;\\\/svg&gt;&quot;,&quot;library&quot;:&quot;fa-solid&quot;}}\" data-widget_type=\"nav-menu.default\">\n\t\t\t\t<div class=\"elementor-widget-container\">\n\t\t\t\t\t\t\t\t<nav aria-label=\"\u041c\u0435\u043d\u044e\" class=\"elementor-nav-menu--main elementor-nav-menu__container elementor-nav-menu--layout-horizontal e--pointer-underline e--animation-fade\">\n\t\t\t\t<ul id=\"menu-1-8ff0ff3\" class=\"elementor-nav-menu\"><li class=\"menu-item menu-item-type-post_type menu-item-object-page menu-item-1267\"><a href=\"https:\/\/sandyapiinsaat.com.tr\/ru\/insaat-hizmetleri\" class=\"elementor-item\">\u0421\u0442\u0440\u043e\u0438\u0442\u0435\u043b\u044c\u043d\u044b\u0435 \u0443\u0441\u043b\u0443\u0433\u0438<\/a><\/li>\n<li class=\"menu-item menu-item-type-post_type menu-item-object-page menu-item-1266\"><a href=\"https:\/\/sandyapiinsaat.com.tr\/ru\/hafriyat-hizmetleri\" class=\"elementor-item\">\u0423\u0441\u043b\u0443\u0433\u0438 \u043f\u043e \u0440\u0430\u0441\u043a\u043e\u043f\u043a\u0430\u043c<\/a><\/li>\n<li class=\"menu-item menu-item-type-post_type menu-item-object-page menu-item-1265\"><a href=\"https:\/\/sandyapiinsaat.com.tr\/ru\/mimarlik-hizmetleri\" class=\"elementor-item\">\u0410\u0440\u0445\u0438\u0442\u0435\u043a\u0442\u0443\u0440\u043d\u044b\u0435 \u0443\u0441\u043b\u0443\u0433\u0438<\/a><\/li>\n<li class=\"menu-item menu-item-type-post_type menu-item-object-page menu-item-1261\"><a href=\"https:\/\/sandyapiinsaat.com.tr\/ru\/fabrika-ve-bina-temel-kazilari\" class=\"elementor-item\">\u0420\u0430\u0441\u043a\u043e\u043f\u043a\u0438 \u0444\u0443\u043d\u0434\u0430\u043c\u0435\u043d\u0442\u043e\u0432 \u0437\u0430\u0432\u043e\u0434\u043e\u0432 \u0438 \u0437\u0434\u0430\u043d\u0438\u0439<\/a><\/li>\n<li class=\"menu-item menu-item-type-post_type menu-item-object-page menu-item-1263\"><a href=\"https:\/\/sandyapiinsaat.com.tr\/ru\/altyapi-hizmetleri\" class=\"elementor-item\">\u0418\u043d\u0444\u0440\u0430\u0441\u0442\u0440\u0443\u043a\u0442\u0443\u0440\u043d\u044b\u0435 \u0443\u0441\u043b\u0443\u0433\u0438<\/a><\/li>\n<li class=\"menu-item menu-item-type-post_type menu-item-object-page menu-item-1264\"><a href=\"https:\/\/sandyapiinsaat.com.tr\/ru\/yol-yapim-hizmetleri\" class=\"elementor-item\">\u0423\u0441\u043b\u0443\u0433\u0438 \u043f\u043e \u0441\u0442\u0440\u043e\u0438\u0442\u0435\u043b\u044c\u0441\u0442\u0432\u0443 \u0434\u043e\u0440\u043e\u0433<\/a><\/li>\n<li class=\"menu-item menu-item-type-post_type menu-item-object-page menu-item-1262\"><a href=\"https:\/\/sandyapiinsaat.com.tr\/ru\/fabrika-ve-bina-dolgulari\" class=\"elementor-item\">\u0417\u0430\u0432\u043e\u0434\u0441\u043a\u0438\u0435 \u0438 \u0441\u0442\u0440\u043e\u0438\u0442\u0435\u043b\u044c\u043d\u044b\u0435 \u0437\u0430\u043b\u0438\u0432\u043a\u0438<\/a><\/li>\n<li class=\"menu-item menu-item-type-post_type menu-item-object-page menu-item-1268\"><a href=\"https:\/\/sandyapiinsaat.com.tr\/ru\/tasimacilik\" class=\"elementor-item\">\u0422\u0440\u0430\u043d\u0441\u043f\u043e\u0440\u0442<\/a><\/li>\n<\/ul>\t\t\t<\/nav>\n\t\t\t\t\t\t<nav class=\"elementor-nav-menu--dropdown elementor-nav-menu__container\" aria-hidden=\"true\">\n\t\t\t\t<ul id=\"menu-2-8ff0ff3\" class=\"elementor-nav-menu\"><li class=\"menu-item menu-item-type-post_type menu-item-object-page menu-item-1267\"><a href=\"https:\/\/sandyapiinsaat.com.tr\/ru\/insaat-hizmetleri\" class=\"elementor-item\" tabindex=\"-1\">\u0421\u0442\u0440\u043e\u0438\u0442\u0435\u043b\u044c\u043d\u044b\u0435 \u0443\u0441\u043b\u0443\u0433\u0438<\/a><\/li>\n<li class=\"menu-item menu-item-type-post_type menu-item-object-page menu-item-1266\"><a href=\"https:\/\/sandyapiinsaat.com.tr\/ru\/hafriyat-hizmetleri\" class=\"elementor-item\" tabindex=\"-1\">\u0423\u0441\u043b\u0443\u0433\u0438 \u043f\u043e \u0440\u0430\u0441\u043a\u043e\u043f\u043a\u0430\u043c<\/a><\/li>\n<li class=\"menu-item menu-item-type-post_type menu-item-object-page menu-item-1265\"><a href=\"https:\/\/sandyapiinsaat.com.tr\/ru\/mimarlik-hizmetleri\" class=\"elementor-item\" tabindex=\"-1\">\u0410\u0440\u0445\u0438\u0442\u0435\u043a\u0442\u0443\u0440\u043d\u044b\u0435 \u0443\u0441\u043b\u0443\u0433\u0438<\/a><\/li>\n<li class=\"menu-item menu-item-type-post_type menu-item-object-page menu-item-1261\"><a href=\"https:\/\/sandyapiinsaat.com.tr\/ru\/fabrika-ve-bina-temel-kazilari\" class=\"elementor-item\" tabindex=\"-1\">\u0420\u0430\u0441\u043a\u043e\u043f\u043a\u0438 \u0444\u0443\u043d\u0434\u0430\u043c\u0435\u043d\u0442\u043e\u0432 \u0437\u0430\u0432\u043e\u0434\u043e\u0432 \u0438 \u0437\u0434\u0430\u043d\u0438\u0439<\/a><\/li>\n<li class=\"menu-item menu-item-type-post_type menu-item-object-page menu-item-1263\"><a href=\"https:\/\/sandyapiinsaat.com.tr\/ru\/altyapi-hizmetleri\" class=\"elementor-item\" tabindex=\"-1\">\u0418\u043d\u0444\u0440\u0430\u0441\u0442\u0440\u0443\u043a\u0442\u0443\u0440\u043d\u044b\u0435 \u0443\u0441\u043b\u0443\u0433\u0438<\/a><\/li>\n<li class=\"menu-item menu-item-type-post_type menu-item-object-page menu-item-1264\"><a href=\"https:\/\/sandyapiinsaat.com.tr\/ru\/yol-yapim-hizmetleri\" class=\"elementor-item\" tabindex=\"-1\">\u0423\u0441\u043b\u0443\u0433\u0438 \u043f\u043e \u0441\u0442\u0440\u043e\u0438\u0442\u0435\u043b\u044c\u0441\u0442\u0432\u0443 \u0434\u043e\u0440\u043e\u0433<\/a><\/li>\n<li class=\"menu-item menu-item-type-post_type menu-item-object-page menu-item-1262\"><a href=\"https:\/\/sandyapiinsaat.com.tr\/ru\/fabrika-ve-bina-dolgulari\" class=\"elementor-item\" tabindex=\"-1\">\u0417\u0430\u0432\u043e\u0434\u0441\u043a\u0438\u0435 \u0438 \u0441\u0442\u0440\u043e\u0438\u0442\u0435\u043b\u044c\u043d\u044b\u0435 \u0437\u0430\u043b\u0438\u0432\u043a\u0438<\/a><\/li>\n<li class=\"menu-item menu-item-type-post_type menu-item-object-page menu-item-1268\"><a href=\"https:\/\/sandyapiinsaat.com.tr\/ru\/tasimacilik\" class=\"elementor-item\" tabindex=\"-1\">\u0422\u0440\u0430\u043d\u0441\u043f\u043e\u0440\u0442<\/a><\/li>\n<\/ul>\t\t\t<\/nav>\n\t\t\t\t\t\t<\/div>\n\t\t\t\t<\/div>\n\t\t\t\t<\/div>\n\t\t\t\t<\/div>\n\t\t<div class=\"elementor-element elementor-element-6f2716c7 e-con-full e-flex e-con e-child\" data-id=\"6f2716c7\" data-element_type=\"container\" data-settings=\"{&quot;background_background&quot;:&quot;classic&quot;}\">\n\t\t\t\t<div class=\"elementor-element elementor-element-181563a0 elementor-widget elementor-widget-text-editor\" data-id=\"181563a0\" data-element_type=\"widget\" data-widget_type=\"text-editor.default\">\n\t\t\t\t<div class=\"elementor-widget-container\">\n\t\t\t\t\t\t\t\t\t<div class=\"elementor-element elementor-element-71a343d8 elementor-widget elementor-widget-text-editor\" data-id=\"71a343d8\" data-element_type=\"widget\" data-widget_type=\"text-editor.default\"><div class=\"elementor-widget-container\"><div class=\"elementor-element elementor-element-a2c1f4c elementor-widget elementor-widget-text-editor\" data-id=\"a2c1f4c\" data-element_type=\"widget\" data-widget_type=\"text-editor.default\"><div class=\"elementor-widget-container\"><p><b>\u041f\u0440\u043e\u0444\u0435\u0441\u0441\u0438\u043e\u043d\u0430\u043b\u044c\u043d\u044b\u0435 \u0443\u0441\u043b\u0443\u0433\u0438 \u043f\u043e \u0440\u0430\u0441\u043a\u043e\u043f\u043a\u0430\u043c<\/b><\/p><p>\u0417\u0435\u043c\u043b\u044f\u043d\u044b\u0435 \u0440\u0430\u0431\u043e\u0442\u044b \u043f\u043e\u0434 \u0444\u0443\u043d\u0434\u0430\u043c\u0435\u043d\u0442 \u044f\u0432\u043b\u044f\u044e\u0442\u0441\u044f \u043a\u043b\u044e\u0447\u0435\u0432\u044b\u043c \u044d\u0442\u0430\u043f\u043e\u043c \u0432 \u043e\u043f\u0440\u0435\u0434\u0435\u043b\u0435\u043d\u0438\u0438 \u043f\u0440\u043e\u0447\u043d\u043e\u0441\u0442\u0438 \u043a\u043e\u043d\u0441\u0442\u0440\u0443\u043a\u0446\u0438\u0438. \u041a\u043e\u043c\u043f\u0430\u043d\u0438\u044f Sand Yap\u0131 \u0130n\u015faat \u0442\u0449\u0430\u0442\u0435\u043b\u044c\u043d\u043e \u0432\u044b\u043f\u043e\u043b\u043d\u044f\u0435\u0442 \u0437\u0435\u043c\u043b\u044f\u043d\u044b\u0435 \u0440\u0430\u0431\u043e\u0442\u044b \u0432 \u0441\u043e\u043e\u0442\u0432\u0435\u0442\u0441\u0442\u0432\u0438\u0438 \u0441 \u043f\u043e\u0442\u0440\u0435\u0431\u043d\u043e\u0441\u0442\u044f\u043c\u0438 \u0432\u0430\u0448\u0435\u0433\u043e \u043f\u0440\u043e\u0435\u043a\u0442\u0430, \u0438\u0441\u043f\u043e\u043b\u044c\u0437\u0443\u044f \u043d\u0430\u0448\u0435 \u043f\u0440\u043e\u0444\u0435\u0441\u0441\u0438\u043e\u043d\u0430\u043b\u044c\u043d\u043e\u0435 \u043e\u0431\u043e\u0440\u0443\u0434\u043e\u0432\u0430\u043d\u0438\u0435 \u0438 \u043e\u043f\u044b\u0442\u043d\u044b\u0439 \u043f\u0435\u0440\u0441\u043e\u043d\u0430\u043b.<\/p><p><strong>\u0411\u0435\u0437\u043e\u043f\u0430\u0441\u043d\u043e\u0441\u0442\u044c \u0438 \u043f\u043e\u0440\u044f\u0434\u043e\u043a<\/strong><\/p><p>\u0417\u0435\u043c\u043b\u044f\u043d\u044b\u0435 \u0440\u0430\u0431\u043e\u0442\u044b \u2014 \u0434\u0435\u043b\u0438\u043a\u0430\u0442\u043d\u044b\u0439 \u043f\u0440\u043e\u0446\u0435\u0441\u0441, \u0442\u0440\u0435\u0431\u0443\u044e\u0449\u0438\u0439 \u0431\u0435\u0437\u043e\u043f\u0430\u0441\u043d\u043e\u0441\u0442\u0438 \u0438 \u043f\u043e\u0440\u044f\u0434\u043a\u0430. \u041c\u044b, \u043a\u043e\u043c\u043f\u0430\u043d\u0438\u044f Sand Yap\u0131 \u0130n\u015faat, \u0442\u0449\u0430\u0442\u0435\u043b\u044c\u043d\u043e \u0443\u043f\u0440\u0430\u0432\u043b\u044f\u0435\u043c \u044d\u0442\u0438\u043c \u043f\u0440\u043e\u0446\u0435\u0441\u0441\u043e\u043c \u0438 \u043f\u0440\u043e\u0432\u043e\u0434\u0438\u043c \u0437\u0435\u043c\u043b\u044f\u043d\u044b\u0435 \u0440\u0430\u0431\u043e\u0442\u044b \u0432 \u0441\u043e\u043e\u0442\u0432\u0435\u0442\u0441\u0442\u0432\u0438\u0438 \u0441\u043e \u0441\u0442\u0430\u043d\u0434\u0430\u0440\u0442\u0430\u043c\u0438 \u0431\u0435\u0437\u043e\u043f\u0430\u0441\u043d\u043e\u0441\u0442\u0438.<\/p><p><strong>\u041e\u043f\u044b\u0442 \u0438 \u0442\u0435\u0445\u043d\u043e\u043b\u043e\u0433\u0438\u0438<\/strong><\/p><p>\u0411\u043b\u0430\u0433\u043e\u0434\u0430\u0440\u044f \u043d\u0430\u0448\u0435\u043c\u0443 \u043c\u043d\u043e\u0433\u043e\u043b\u0435\u0442\u043d\u0435\u043c\u0443 \u043e\u043f\u044b\u0442\u0443 \u043c\u044b \u043f\u043e\u0432\u044b\u0448\u0430\u0435\u043c \u044d\u0444\u0444\u0435\u043a\u0442\u0438\u0432\u043d\u043e\u0441\u0442\u044c \u0437\u0435\u043c\u043b\u044f\u043d\u044b\u0445 \u0440\u0430\u0431\u043e\u0442, \u043f\u0440\u0438\u043c\u0435\u043d\u044f\u044f \u043d\u043e\u0432\u0435\u0439\u0448\u0438\u0435 \u0442\u0435\u0445\u043d\u043e\u043b\u043e\u0433\u0438\u0447\u0435\u0441\u043a\u0438\u0435 \u0440\u0430\u0437\u0440\u0430\u0431\u043e\u0442\u043a\u0438. \u0422\u0430\u043a\u0438\u043c \u043e\u0431\u0440\u0430\u0437\u043e\u043c, \u043c\u044b \u0433\u0430\u0440\u0430\u043d\u0442\u0438\u0440\u0443\u0435\u043c, \u0447\u0442\u043e \u0432\u0430\u0448 \u043f\u0440\u043e\u0435\u043a\u0442 \u0431\u0443\u0434\u0435\u0442 \u0440\u0435\u0430\u043b\u0438\u0437\u043e\u0432\u0430\u043d \u0441\u0432\u043e\u0435\u0432\u0440\u0435\u043c\u0435\u043d\u043d\u043e \u0438 \u0433\u043b\u0430\u0434\u043a\u043e.<\/p><\/div><\/div><section class=\"elementor-section elementor-inner-section elementor-element elementor-element-109905a elementor-section-boxed elementor-section-height-default elementor-section-height-default\" data-id=\"109905a\" data-element_type=\"section\"><div class=\"elementor-container elementor-column-gap-no\"><div class=\"elementor-column elementor-col-50 elementor-inner-column elementor-element elementor-element-4d99dff\" data-id=\"4d99dff\" data-element_type=\"column\"><div class=\"elementor-widget-wrap elementor-element-populated\"><div class=\"elementor-element elementor-element-9826458 elementor-widget elementor-widget-spacer\" data-id=\"9826458\" data-element_type=\"widget\" data-widget_type=\"spacer.default\"><div class=\"elementor-widget-container\"><div class=\"elementor-spacer\"><div class=\"elementor-spacer-inner\">\u00a0<\/div><\/div><\/div><\/div><div class=\"elementor-element elementor-element-30e31dc elementor-widget elementor-widget-text-editor\" data-id=\"30e31dc\" data-element_type=\"widget\" data-widget_type=\"text-editor.default\"><div class=\"elementor-widget-container\"><p><b>\u041e\u0441\u043d\u043e\u0432\u0430 \u043d\u0430\u0434\u0435\u0436\u043d\u043e\u0433\u043e \u0441\u0442\u0440\u043e\u0438\u0442\u0435\u043b\u044c\u0441\u0442\u0432\u0430<\/b><\/p><p>\u0415\u0441\u043b\u0438 \u0432\u044b \u0438\u0449\u0435\u0442\u0435 \u043d\u0430\u0434\u0435\u0436\u043d\u043e\u0433\u043e \u043f\u0430\u0440\u0442\u043d\u0435\u0440\u0430 \u043f\u043e \u0432\u044b\u0435\u043c\u043a\u0435 \u0433\u0440\u0443\u043d\u0442\u0430 \u043f\u043e\u0434 \u0441\u0442\u0440\u043e\u0438\u0442\u0435\u043b\u044c\u0441\u0442\u0432\u043e \u0438 \u0441\u0442\u0440\u043e\u0438\u0442\u0435\u043b\u044c\u0441\u0442\u0432\u043e \u0437\u0430\u0432\u043e\u0434\u043e\u0432, \u043a\u043e\u043c\u043f\u0430\u043d\u0438\u044f Sand Yap\u0131 \u0130n\u015faat \u0433\u043e\u0442\u043e\u0432\u0430 \u043f\u0440\u0435\u0434\u043b\u043e\u0436\u0438\u0442\u044c \u0432\u0430\u043c \u0441\u0430\u043c\u044b\u0435 \u043f\u043e\u0434\u0445\u043e\u0434\u044f\u0449\u0438\u0435 \u0440\u0435\u0448\u0435\u043d\u0438\u044f. \u0421\u0432\u044f\u0436\u0438\u0442\u0435\u0441\u044c \u0441 \u043d\u0430\u043c\u0438, \u0447\u0442\u043e\u0431\u044b \u0443\u043a\u0440\u0435\u043f\u0438\u0442\u044c \u0444\u0443\u043d\u0434\u0430\u043c\u0435\u043d\u0442 \u0432\u0430\u0448\u0438\u0445 \u043f\u0440\u043e\u0435\u043a\u0442\u043e\u0432 \u0438 \u043e\u0431\u0435\u0441\u043f\u0435\u0447\u0438\u0442\u044c \u0432\u0430\u0448\u0435 \u0431\u0443\u0434\u0443\u0449\u0435\u0435.<\/p><\/div><\/div><\/div><\/div><\/div><\/section><\/div><\/div>\t\t\t\t\t\t\t\t<\/div>\n\t\t\t\t<\/div>\n\t\t\t\t<\/div>\n\t\t\t\t\t<\/div>\n\t\t\t\t<\/div>\n\t\t\t\t<\/div>","protected":false},"excerpt":{"rendered":"<p>H\u0130ZMETLER\u0130M\u0130Z Profesyonel Kaz\u0131 Hizmetleri Temel kaz\u0131lar\u0131, bir yap\u0131n\u0131n g\u00fcc\u00fcn\u00fc belirleyen kilit bir ad\u0131md\u0131r. Sand Yap\u0131 \u0130n\u015faat olarak, profesyonel ekipmanlar ve uzman kadromuzla, projenizin ihtiya\u00e7lar\u0131na uygun&#8230;<\/p>","protected":false},"author":1,"featured_media":1304,"parent":0,"menu_order":0,"comment_status":"closed","ping_status":"closed","template":"","meta":{"footnotes":""},"class_list":["post-1206","page","type-page","status-publish","has-post-thumbnail","hentry"],"_links":{"self":[{"href":"https:\/\/sandyapiinsaat.com.tr\/ru\/wp-json\/wp\/v2\/pages\/1206","targetHints":{"allow":["GET"]}}],"collection":[{"href":"https:\/\/sandyapiinsaat.com.tr\/ru\/wp-json\/wp\/v2\/pages"}],"about":[{"href":"https:\/\/sandyapiinsaat.com.tr\/ru\/wp-json\/wp\/v2\/types\/page"}],"author":[{"embeddable":true,"href":"https:\/\/sandyapiinsaat.com.tr\/ru\/wp-json\/wp\/v2\/users\/1"}],"replies":[{"embeddable":true,"href":"https:\/\/sandyapiinsaat.com.tr\/ru\/wp-json\/wp\/v2\/comments?post=1206"}],"version-history":[{"count":10,"href":"https:\/\/sandyapiinsaat.com.tr\/ru\/wp-json\/wp\/v2\/pages\/1206\/revisions"}],"predecessor-version":[{"id":1420,"href":"https:\/\/sandyapiinsaat.com.tr\/ru\/wp-json\/wp\/v2\/pages\/1206\/revisions\/1420"}],"wp:featuredmedia":[{"embeddable":true,"href":"https:\/\/sandyapiinsaat.com.tr\/ru\/wp-json\/wp\/v2\/media\/1304"}],"wp:attachment":[{"href":"https:\/\/sandyapiinsaat.com.tr\/ru\/wp-json\/wp\/v2\/media?parent=1206"}],"curies":[{"name":"wp","href":"https:\/\/api.w.org\/{rel}","templated":true}]}}