{"id":1209,"date":"2024-12-18T09:33:41","date_gmt":"2024-12-18T06:33:41","guid":{"rendered":"https:\/\/demo.sandyapiinsaat.com.tr\/?page_id=1209"},"modified":"2024-12-18T15:08:42","modified_gmt":"2024-12-18T12:08:42","slug":"tasimacilik","status":"publish","type":"page","link":"https:\/\/sandyapiinsaat.com.tr\/ru\/tasimacilik","title":{"rendered":"\u0422\u0440\u0430\u043d\u0441\u043f\u043e\u0440\u0442"},"content":{"rendered":"<div data-elementor-type=\"wp-page\" data-elementor-id=\"1209\" class=\"elementor elementor-1209\" data-elementor-post-type=\"page\">\n\t\t\t\t<div class=\"elementor-element elementor-element-237c5446 e-flex e-con-boxed e-con e-parent\" data-id=\"237c5446\" data-element_type=\"container\">\n\t\t\t\t\t<div class=\"e-con-inner\">\n\t\t<div class=\"elementor-element elementor-element-4c9b1d05 e-con-full e-flex e-con e-child\" data-id=\"4c9b1d05\" data-element_type=\"container\" data-settings=\"{&quot;background_background&quot;:&quot;classic&quot;}\">\n\t\t<div class=\"elementor-element elementor-element-df7a1de e-con-full e-flex e-con e-child\" data-id=\"df7a1de\" data-element_type=\"container\" data-settings=\"{&quot;background_background&quot;:&quot;classic&quot;}\">\n\t\t\t\t<div class=\"elementor-element elementor-element-a27111d elementor-widget elementor-widget-heading\" data-id=\"a27111d\" data-element_type=\"widget\" data-widget_type=\"heading.default\">\n\t\t\t\t<div class=\"elementor-widget-container\">\n\t\t\t\t\t<h2 class=\"elementor-heading-title elementor-size-default\">\u041d\u0410\u0428\u0418 \u0423\u0421\u041b\u0423\u0413\u0418<\/h2>\t\t\t\t<\/div>\n\t\t\t\t<\/div>\n\t\t\t\t<div class=\"elementor-element elementor-element-fb85910 elementor-nav-menu--dropdown-none elementor-widget elementor-widget-nav-menu\" data-id=\"fb85910\" data-element_type=\"widget\" data-settings=\"{&quot;layout&quot;:&quot;horizontal&quot;,&quot;submenu_icon&quot;:{&quot;value&quot;:&quot;&lt;svg class=\\&quot;e-font-icon-svg e-fas-caret-down\\&quot; viewBox=\\&quot;0 0 320 512\\&quot; xmlns=\\&quot;http:\\\/\\\/www.w3.org\\\/2000\\\/svg\\&quot;&gt;&lt;path d=\\&quot;M31.3 192h257.3c17.8 0 26.7 21.5 14.1 34.1L174.1 354.8c-7.8 7.8-20.5 7.8-28.3 0L17.2 226.1C4.6 213.5 13.5 192 31.3 192z\\&quot;&gt;&lt;\\\/path&gt;&lt;\\\/svg&gt;&quot;,&quot;library&quot;:&quot;fa-solid&quot;}}\" data-widget_type=\"nav-menu.default\">\n\t\t\t\t<div class=\"elementor-widget-container\">\n\t\t\t\t\t\t\t\t<nav aria-label=\"\u041c\u0435\u043d\u044e\" class=\"elementor-nav-menu--main elementor-nav-menu__container elementor-nav-menu--layout-horizontal e--pointer-underline e--animation-fade\">\n\t\t\t\t<ul id=\"menu-1-fb85910\" class=\"elementor-nav-menu\"><li class=\"menu-item menu-item-type-post_type menu-item-object-page menu-item-1267\"><a href=\"https:\/\/sandyapiinsaat.com.tr\/ru\/insaat-hizmetleri\" class=\"elementor-item\">\u0421\u0442\u0440\u043e\u0438\u0442\u0435\u043b\u044c\u043d\u044b\u0435 \u0443\u0441\u043b\u0443\u0433\u0438<\/a><\/li>\n<li class=\"menu-item menu-item-type-post_type menu-item-object-page menu-item-1266\"><a href=\"https:\/\/sandyapiinsaat.com.tr\/ru\/hafriyat-hizmetleri\" class=\"elementor-item\">\u0423\u0441\u043b\u0443\u0433\u0438 \u043f\u043e \u0440\u0430\u0441\u043a\u043e\u043f\u043a\u0430\u043c<\/a><\/li>\n<li class=\"menu-item menu-item-type-post_type menu-item-object-page menu-item-1265\"><a href=\"https:\/\/sandyapiinsaat.com.tr\/ru\/mimarlik-hizmetleri\" class=\"elementor-item\">\u0410\u0440\u0445\u0438\u0442\u0435\u043a\u0442\u0443\u0440\u043d\u044b\u0435 \u0443\u0441\u043b\u0443\u0433\u0438<\/a><\/li>\n<li class=\"menu-item menu-item-type-post_type menu-item-object-page menu-item-1261\"><a href=\"https:\/\/sandyapiinsaat.com.tr\/ru\/fabrika-ve-bina-temel-kazilari\" class=\"elementor-item\">\u0420\u0430\u0441\u043a\u043e\u043f\u043a\u0438 \u0444\u0443\u043d\u0434\u0430\u043c\u0435\u043d\u0442\u043e\u0432 \u0437\u0430\u0432\u043e\u0434\u043e\u0432 \u0438 \u0437\u0434\u0430\u043d\u0438\u0439<\/a><\/li>\n<li class=\"menu-item menu-item-type-post_type menu-item-object-page menu-item-1263\"><a href=\"https:\/\/sandyapiinsaat.com.tr\/ru\/altyapi-hizmetleri\" class=\"elementor-item\">\u0418\u043d\u0444\u0440\u0430\u0441\u0442\u0440\u0443\u043a\u0442\u0443\u0440\u043d\u044b\u0435 \u0443\u0441\u043b\u0443\u0433\u0438<\/a><\/li>\n<li class=\"menu-item menu-item-type-post_type menu-item-object-page menu-item-1264\"><a href=\"https:\/\/sandyapiinsaat.com.tr\/ru\/yol-yapim-hizmetleri\" class=\"elementor-item\">\u0423\u0441\u043b\u0443\u0433\u0438 \u043f\u043e \u0441\u0442\u0440\u043e\u0438\u0442\u0435\u043b\u044c\u0441\u0442\u0432\u0443 \u0434\u043e\u0440\u043e\u0433<\/a><\/li>\n<li class=\"menu-item menu-item-type-post_type menu-item-object-page menu-item-1262\"><a href=\"https:\/\/sandyapiinsaat.com.tr\/ru\/fabrika-ve-bina-dolgulari\" class=\"elementor-item\">\u0417\u0430\u0432\u043e\u0434\u0441\u043a\u0438\u0435 \u0438 \u0441\u0442\u0440\u043e\u0438\u0442\u0435\u043b\u044c\u043d\u044b\u0435 \u0437\u0430\u043b\u0438\u0432\u043a\u0438<\/a><\/li>\n<li class=\"menu-item menu-item-type-post_type menu-item-object-page menu-item-1268\"><a href=\"https:\/\/sandyapiinsaat.com.tr\/ru\/tasimacilik\" class=\"elementor-item\">\u0422\u0440\u0430\u043d\u0441\u043f\u043e\u0440\u0442<\/a><\/li>\n<\/ul>\t\t\t<\/nav>\n\t\t\t\t\t\t<nav class=\"elementor-nav-menu--dropdown elementor-nav-menu__container\" aria-hidden=\"true\">\n\t\t\t\t<ul id=\"menu-2-fb85910\" class=\"elementor-nav-menu\"><li class=\"menu-item menu-item-type-post_type menu-item-object-page menu-item-1267\"><a href=\"https:\/\/sandyapiinsaat.com.tr\/ru\/insaat-hizmetleri\" class=\"elementor-item\" tabindex=\"-1\">\u0421\u0442\u0440\u043e\u0438\u0442\u0435\u043b\u044c\u043d\u044b\u0435 \u0443\u0441\u043b\u0443\u0433\u0438<\/a><\/li>\n<li class=\"menu-item menu-item-type-post_type menu-item-object-page menu-item-1266\"><a href=\"https:\/\/sandyapiinsaat.com.tr\/ru\/hafriyat-hizmetleri\" class=\"elementor-item\" tabindex=\"-1\">\u0423\u0441\u043b\u0443\u0433\u0438 \u043f\u043e \u0440\u0430\u0441\u043a\u043e\u043f\u043a\u0430\u043c<\/a><\/li>\n<li class=\"menu-item menu-item-type-post_type menu-item-object-page menu-item-1265\"><a href=\"https:\/\/sandyapiinsaat.com.tr\/ru\/mimarlik-hizmetleri\" class=\"elementor-item\" tabindex=\"-1\">\u0410\u0440\u0445\u0438\u0442\u0435\u043a\u0442\u0443\u0440\u043d\u044b\u0435 \u0443\u0441\u043b\u0443\u0433\u0438<\/a><\/li>\n<li class=\"menu-item menu-item-type-post_type menu-item-object-page menu-item-1261\"><a href=\"https:\/\/sandyapiinsaat.com.tr\/ru\/fabrika-ve-bina-temel-kazilari\" class=\"elementor-item\" tabindex=\"-1\">\u0420\u0430\u0441\u043a\u043e\u043f\u043a\u0438 \u0444\u0443\u043d\u0434\u0430\u043c\u0435\u043d\u0442\u043e\u0432 \u0437\u0430\u0432\u043e\u0434\u043e\u0432 \u0438 \u0437\u0434\u0430\u043d\u0438\u0439<\/a><\/li>\n<li class=\"menu-item menu-item-type-post_type menu-item-object-page menu-item-1263\"><a href=\"https:\/\/sandyapiinsaat.com.tr\/ru\/altyapi-hizmetleri\" class=\"elementor-item\" tabindex=\"-1\">\u0418\u043d\u0444\u0440\u0430\u0441\u0442\u0440\u0443\u043a\u0442\u0443\u0440\u043d\u044b\u0435 \u0443\u0441\u043b\u0443\u0433\u0438<\/a><\/li>\n<li class=\"menu-item menu-item-type-post_type menu-item-object-page menu-item-1264\"><a href=\"https:\/\/sandyapiinsaat.com.tr\/ru\/yol-yapim-hizmetleri\" class=\"elementor-item\" tabindex=\"-1\">\u0423\u0441\u043b\u0443\u0433\u0438 \u043f\u043e \u0441\u0442\u0440\u043e\u0438\u0442\u0435\u043b\u044c\u0441\u0442\u0432\u0443 \u0434\u043e\u0440\u043e\u0433<\/a><\/li>\n<li class=\"menu-item menu-item-type-post_type menu-item-object-page menu-item-1262\"><a href=\"https:\/\/sandyapiinsaat.com.tr\/ru\/fabrika-ve-bina-dolgulari\" class=\"elementor-item\" tabindex=\"-1\">\u0417\u0430\u0432\u043e\u0434\u0441\u043a\u0438\u0435 \u0438 \u0441\u0442\u0440\u043e\u0438\u0442\u0435\u043b\u044c\u043d\u044b\u0435 \u0437\u0430\u043b\u0438\u0432\u043a\u0438<\/a><\/li>\n<li class=\"menu-item menu-item-type-post_type menu-item-object-page menu-item-1268\"><a href=\"https:\/\/sandyapiinsaat.com.tr\/ru\/tasimacilik\" class=\"elementor-item\" tabindex=\"-1\">\u0422\u0440\u0430\u043d\u0441\u043f\u043e\u0440\u0442<\/a><\/li>\n<\/ul>\t\t\t<\/nav>\n\t\t\t\t\t\t<\/div>\n\t\t\t\t<\/div>\n\t\t\t\t<\/div>\n\t\t\t\t<\/div>\n\t\t<div class=\"elementor-element elementor-element-7fe8fe8d e-con-full e-flex e-con e-child\" data-id=\"7fe8fe8d\" data-element_type=\"container\" data-settings=\"{&quot;background_background&quot;:&quot;classic&quot;}\">\n\t\t\t\t<div class=\"elementor-element elementor-element-bed4b86 elementor-widget__width-initial elementor-widget elementor-widget-text-editor\" data-id=\"bed4b86\" data-element_type=\"widget\" data-widget_type=\"text-editor.default\">\n\t\t\t\t<div class=\"elementor-widget-container\">\n\t\t\t\t\t\t\t\t\t<div class=\"elementor-element elementor-element-71a343d8 elementor-widget elementor-widget-text-editor\" data-id=\"71a343d8\" data-element_type=\"widget\" data-widget_type=\"text-editor.default\"><div class=\"elementor-widget-container\"><div class=\"elementor-element elementor-element-763a18a elementor-widget elementor-widget-text-editor\" data-id=\"763a18a\" data-element_type=\"widget\" data-widget_type=\"text-editor.default\"><div class=\"elementor-widget-container\"><p>\u041a\u0430\u043a \u043a\u043e\u043c\u043f\u0430\u043d\u0438\u044f Sand Yap\u0131 \u0130n\u015faat, \u043c\u044b \u0434\u043e\u0441\u0442\u0430\u0432\u043b\u044f\u0435\u043c \u0440\u0430\u0437\u043b\u0438\u0447\u043d\u044b\u0435 \u0433\u0440\u0443\u0437\u044b, \u0442\u0430\u043a\u0438\u0435 \u043a\u0430\u043a \u0432\u044b\u043d\u0443\u0442\u044b\u0439 \u0433\u0440\u0443\u043d\u0442, \u0441\u0442\u0440\u043e\u0438\u0442\u0435\u043b\u044c\u043d\u044b\u0439 \u043c\u0443\u0441\u043e\u0440, \u0432\u044b\u0432\u043e\u0437 \u043c\u0443\u0441\u043e\u0440\u0430 \u0438 \u0441\u0442\u0440\u043e\u0438\u0442\u0435\u043b\u044c\u043d\u0443\u044e \u0442\u0435\u0445\u043d\u0438\u043a\u0443, \u0432 \u043f\u0443\u043d\u043a\u0442 \u043d\u0430\u0437\u043d\u0430\u0447\u0435\u043d\u0438\u044f \u0441\u0430\u043c\u044b\u043c \u043d\u0430\u0434\u0435\u0436\u043d\u044b\u043c \u0441\u043f\u043e\u0441\u043e\u0431\u043e\u043c \u0441 \u043f\u043e\u043c\u043e\u0449\u044c\u044e \u043d\u0430\u0448\u0438\u0445 \u0442\u0440\u0430\u043d\u0441\u043f\u043e\u0440\u0442\u043d\u044b\u0445 \u0443\u0441\u043b\u0443\u0433.<\/p><p><b>\u0411\u0435\u0437\u043e\u043f\u0430\u0441\u043d\u043e\u0441\u0442\u044c<\/b><\/p><p>\u0411\u0435\u0437\u043e\u043f\u0430\u0441\u043d\u043e\u0441\u0442\u044c \u0438 \u0442\u043e\u0447\u043d\u043e\u0441\u0442\u044c \u0432 \u043f\u0440\u043e\u0446\u0435\u0441\u0441\u0435 \u0442\u0440\u0430\u043d\u0441\u043f\u043e\u0440\u0442\u0438\u0440\u043e\u0432\u043a\u0438 \u044f\u0432\u043b\u044f\u044e\u0442\u0441\u044f \u043d\u0430\u0448\u0438\u043c\u0438 \u043f\u0440\u0438\u043e\u0440\u0438\u0442\u0435\u0442\u0430\u043c\u0438. \u0411\u043b\u0430\u0433\u043e\u0434\u0430\u0440\u044f \u043d\u0430\u0448\u0435\u043c\u0443 \u0441\u043e\u0432\u0440\u0435\u043c\u0435\u043d\u043d\u043e\u043c\u0443 \u0430\u0432\u0442\u043e\u043f\u0430\u0440\u043a\u0443 \u0438 \u043e\u043f\u044b\u0442\u043d\u044b\u043c \u0432\u043e\u0434\u0438\u0442\u0435\u043b\u044f\u043c \u043c\u044b \u043f\u0435\u0440\u0435\u0432\u0435\u0437\u0435\u043c \u0432\u0430\u0448\u0438 \u0433\u0440\u0443\u0437\u044b \u043c\u0430\u043a\u0441\u0438\u043c\u0430\u043b\u044c\u043d\u043e \u0430\u043a\u043a\u0443\u0440\u0430\u0442\u043d\u043e \u0438 \u0431\u0435\u0437\u043e\u043f\u0430\u0441\u043d\u043e. \u042d\u0442\u043e \u0437\u043d\u0430\u0447\u0438\u0442, \u0447\u0442\u043e \u0432\u0430\u043c \u043d\u0435 \u043f\u0440\u0438\u0434\u0435\u0442\u0441\u044f \u0431\u0435\u0441\u043f\u043e\u043a\u043e\u0438\u0442\u044c\u0441\u044f \u0432\u043e \u0432\u0440\u0435\u043c\u044f \u0432\u044b\u043f\u043e\u043b\u043d\u0435\u043d\u0438\u044f \u0440\u0430\u0431\u043e\u0442\u044b.<\/p><p><strong>\u041e\u0431\u043e\u0440\u0443\u0434\u043e\u0432\u0430\u043d\u0438\u0435 \u0438 \u0442\u0435\u0445\u043d\u043e\u043b\u043e\u0433\u0438\u0438<\/strong><\/p><p>\u0418\u0441\u043f\u043e\u043b\u044c\u0437\u0443\u044f \u043d\u0430\u0448\u0435 \u0441\u043e\u0432\u0440\u0435\u043c\u0435\u043d\u043d\u043e\u0435 \u043e\u0431\u043e\u0440\u0443\u0434\u043e\u0432\u0430\u043d\u0438\u0435, \u043c\u044b \u0434\u0435\u043b\u0430\u0435\u043c \u043f\u0440\u043e\u0446\u0435\u0441\u0441 \u0442\u0440\u0430\u043d\u0441\u043f\u043e\u0440\u0442\u0438\u0440\u043e\u0432\u043a\u0438 \u044d\u0444\u0444\u0435\u043a\u0442\u0438\u0432\u043d\u044b\u043c. \u041c\u044b \u0434\u043e\u0441\u0442\u0430\u0432\u0438\u043c \u0432\u0430\u0448\u0438 \u0433\u0440\u0443\u0437\u044b \u0432 \u043d\u0443\u0436\u043d\u043e\u0435 \u0432\u0430\u043c \u043c\u0435\u0441\u0442\u043e \u0431\u0435\u0437 \u043a\u0430\u043a\u0438\u0445-\u043b\u0438\u0431\u043e \u043f\u0440\u043e\u0431\u043b\u0435\u043c, \u0438\u0441\u043f\u043e\u043b\u044c\u0437\u0443\u044f \u043d\u0430\u0434\u0435\u0436\u043d\u0443\u044e \u0441\u0442\u0440\u043e\u0438\u0442\u0435\u043b\u044c\u043d\u0443\u044e \u0442\u0435\u0445\u043d\u0438\u043a\u0443 \u0438 \u0441\u043e\u0432\u0440\u0435\u043c\u0435\u043d\u043d\u044b\u0435 \u0442\u0440\u0430\u043d\u0441\u043f\u043e\u0440\u0442\u043d\u044b\u0435 \u0441\u0440\u0435\u0434\u0441\u0442\u0432\u0430.<\/p><\/div><\/div><section class=\"elementor-section elementor-inner-section elementor-element elementor-element-19ae0fb elementor-section-boxed elementor-section-height-default elementor-section-height-default\" data-id=\"19ae0fb\" data-element_type=\"section\"><div class=\"elementor-container elementor-column-gap-no\"><div class=\"elementor-column elementor-col-50 elementor-inner-column elementor-element elementor-element-ed39c70\" data-id=\"ed39c70\" data-element_type=\"column\"><div class=\"elementor-widget-wrap elementor-element-populated\"><div class=\"elementor-element elementor-element-be575c9 elementor-widget elementor-widget-spacer\" data-id=\"be575c9\" data-element_type=\"widget\" data-widget_type=\"spacer.default\"><div class=\"elementor-widget-container\"><div class=\"elementor-spacer\"><div class=\"elementor-spacer-inner\">\u00a0<\/div><\/div><\/div><\/div><div class=\"elementor-element elementor-element-580f921 elementor-widget elementor-widget-text-editor\" data-id=\"580f921\" data-element_type=\"widget\" data-widget_type=\"text-editor.default\"><div class=\"elementor-widget-container\"><p><b>\u0413\u0430\u0440\u0430\u043d\u0442\u0438\u044f \u0441\u0442\u0440\u043e\u0438\u0442\u0435\u043b\u044c\u0441\u0442\u0432\u0430 Sand Yap\u0131<\/b><\/p><p>\u0415\u0441\u043b\u0438 \u0432\u044b \u0438\u0449\u0435\u0442\u0435 \u043d\u0430\u0434\u0435\u0436\u043d\u043e\u0433\u043e \u043f\u0430\u0440\u0442\u043d\u0435\u0440\u0430 \u0432 \u0441\u0444\u0435\u0440\u0435 \u0442\u0440\u0430\u043d\u0441\u043f\u043e\u0440\u0442\u043d\u044b\u0445 \u0443\u0441\u043b\u0443\u0433, \u043a\u043e\u043c\u043f\u0430\u043d\u0438\u044f Sand Yap\u0131 \u0130n\u015faat \u0433\u043e\u0442\u043e\u0432\u0430 \u043f\u0440\u0435\u0434\u043b\u043e\u0436\u0438\u0442\u044c \u0432\u0430\u043c \u0441\u0430\u043c\u044b\u0435 \u043f\u043e\u0434\u0445\u043e\u0434\u044f\u0449\u0438\u0435 \u0440\u0435\u0448\u0435\u043d\u0438\u044f. \u041e\u0431\u0440\u0430\u0449\u0430\u0439\u0442\u0435\u0441\u044c \u043a \u043d\u0430\u043c, \u0447\u0442\u043e\u0431\u044b \u043e\u0431\u043b\u0435\u0433\u0447\u0438\u0442\u044c \u0441\u0435\u0431\u0435 \u0440\u0430\u0431\u043e\u0442\u0443, \u043f\u0435\u0440\u0435\u0432\u0435\u0437\u044f \u0433\u0440\u0443\u0437\u044b \u0431\u0435\u0437\u043e\u043f\u0430\u0441\u043d\u043e \u0438 \u043f\u0440\u043e\u0444\u0435\u0441\u0441\u0438\u043e\u043d\u0430\u043b\u044c\u043d\u043e.<\/p><\/div><\/div><\/div><\/div><\/div><\/section><\/div><\/div>\t\t\t\t\t\t\t\t<\/div>\n\t\t\t\t<\/div>\n\t\t\t\t<\/div>\n\t\t\t\t\t<\/div>\n\t\t\t\t<\/div>\n\t\t\t\t<\/div>","protected":false},"excerpt":{"rendered":"<p>H\u0130ZMETLER\u0130M\u0130Z Sand Yap\u0131 \u0130n\u015faat olarak, ta\u015f\u0131mac\u0131l\u0131k hizmetlerimizle hafriyat topra\u011f\u0131, in\u015faat at\u0131\u011f\u0131, y\u0131k\u0131nt\u0131 ta\u015f\u0131ma ve i\u015f makineleri gibi \u00e7e\u015fitli y\u00fckleri en g\u00fcvenilir \u015fekilde hedef noktaya ula\u015ft\u0131r\u0131yoruz&#8230;.<\/p>","protected":false},"author":1,"featured_media":1305,"parent":0,"menu_order":0,"comment_status":"closed","ping_status":"closed","template":"","meta":{"footnotes":""},"class_list":["post-1209","page","type-page","status-publish","has-post-thumbnail","hentry"],"_links":{"self":[{"href":"https:\/\/sandyapiinsaat.com.tr\/ru\/wp-json\/wp\/v2\/pages\/1209","targetHints":{"allow":["GET"]}}],"collection":[{"href":"https:\/\/sandyapiinsaat.com.tr\/ru\/wp-json\/wp\/v2\/pages"}],"about":[{"href":"https:\/\/sandyapiinsaat.com.tr\/ru\/wp-json\/wp\/v2\/types\/page"}],"author":[{"embeddable":true,"href":"https:\/\/sandyapiinsaat.com.tr\/ru\/wp-json\/wp\/v2\/users\/1"}],"replies":[{"embeddable":true,"href":"https:\/\/sandyapiinsaat.com.tr\/ru\/wp-json\/wp\/v2\/comments?post=1209"}],"version-history":[{"count":10,"href":"https:\/\/sandyapiinsaat.com.tr\/ru\/wp-json\/wp\/v2\/pages\/1209\/revisions"}],"predecessor-version":[{"id":1435,"href":"https:\/\/sandyapiinsaat.com.tr\/ru\/wp-json\/wp\/v2\/pages\/1209\/revisions\/1435"}],"wp:featuredmedia":[{"embeddable":true,"href":"https:\/\/sandyapiinsaat.com.tr\/ru\/wp-json\/wp\/v2\/media\/1305"}],"wp:attachment":[{"href":"https:\/\/sandyapiinsaat.com.tr\/ru\/wp-json\/wp\/v2\/media?parent=1209"}],"curies":[{"name":"wp","href":"https:\/\/api.w.org\/{rel}","templated":true}]}}